{"id":1635,"date":"2025-08-04T17:02:35","date_gmt":"2025-08-04T14:02:35","guid":{"rendered":"https:\/\/atomic-temporary-240383443.wpcomstaging.com\/?page_id=1635"},"modified":"2026-02-18T16:16:32","modified_gmt":"2026-02-18T16:16:32","slug":"some","status":"publish","type":"page","link":"https:\/\/www.sarajokela.fi\/?page_id=1635","title":{"rendered":"Some"},"content":{"rendered":"<p>[et_pb_section fb_built=&#8221;1&#8243; _builder_version=&#8221;4.27.4&#8243; _module_preset=&#8221;default&#8221; background_color=&#8221;#ffe3db&#8221; background_enable_image_phone=&#8221;off&#8221; locked=&#8221;off&#8221; global_colors_info=&#8221;{}&#8221;][et_pb_row custom_padding_last_edited=&#8221;on|phone&#8221; _builder_version=&#8221;4.27.4&#8243; _module_preset=&#8221;default&#8221; width=&#8221;60%&#8221; width_tablet=&#8221;60%&#8221; width_phone=&#8221;80%&#8221; width_last_edited=&#8221;on|desktop&#8221; custom_margin=&#8221;||60px||false|false&#8221; custom_margin_tablet=&#8221;0px||40px||false|false&#8221; custom_margin_phone=&#8221;0px||30px||false|false&#8221; custom_margin_last_edited=&#8221;on|phone&#8221; custom_padding=&#8221;0px||||false|false&#8221; custom_padding_tablet=&#8221;0px||||false|false&#8221; custom_padding_phone=&#8221;0px||||false|false&#8221; global_colors_info=&#8221;{}&#8221;][et_pb_column type=&#8221;4_4&#8243; _builder_version=&#8221;4.27.4&#8243; _module_preset=&#8221;default&#8221; global_colors_info=&#8221;{}&#8221;][et_pb_text content_tablet=&#8221;<\/p>\n<h1><strong>Portfolio<\/strong><\/h1>\n<p>&#8221; content_phone=&#8221;<\/p>\n<h1><strong>Portfolio<\/strong><\/h1>\n<p>&#8221; content_last_edited=&#8221;off|desktop&#8221; _builder_version=&#8221;4.27.4&#8243; _module_preset=&#8221;default&#8221; text_font=&#8221;Poppins||||||||&#8221; text_text_color=&#8221;#E02B20&#8243; header_font=&#8221;Poppins||||||||&#8221; header_text_align=&#8221;center&#8221; header_text_color=&#8221;#232323&#8243; header_font_size=&#8221;48px&#8221; header_line_height=&#8221;1.5em&#8221; module_alignment=&#8221;center&#8221; custom_margin=&#8221;0px|0px|0px|0px|false|true&#8221; custom_margin_tablet=&#8221;0px|0px|0px|0px|false|true&#8221; custom_margin_phone=&#8221;||0px||false|false&#8221; custom_margin_last_edited=&#8221;on|phone&#8221; custom_padding=&#8221;0px|0px|0px||false|false&#8221; custom_padding_tablet=&#8221;0px|0px|0px||false|false&#8221; custom_padding_phone=&#8221;||0px||false|false&#8221; custom_padding_last_edited=&#8221;on|phone&#8221; header_font_tablet=&#8221;Poppins||||||||&#8221; header_font_phone=&#8221;Poppins|600|||||||&#8221; header_font_last_edited=&#8221;on|phone&#8221; header_font_size_tablet=&#8221;40px&#8221; header_font_size_phone=&#8221;32px&#8221; header_font_size_last_edited=&#8221;on|phone&#8221; header_line_height_tablet=&#8221;1.2em&#8221; header_line_height_phone=&#8221;1.6em&#8221; header_line_height_last_edited=&#8221;on|phone&#8221; global_colors_info=&#8221;{}&#8221;]<\/p>\n<h1><strong>Some<\/strong><\/h1>\n<p>[\/et_pb_text][\/et_pb_column][\/et_pb_row][\/et_pb_section][et_pb_section fb_built=&#8221;1&#8243; custom_padding_last_edited=&#8221;off|desktop&#8221; _builder_version=&#8221;4.27.5&#8243; _module_preset=&#8221;default&#8221; background_color=&#8221;#f9d6cc&#8221; background_enable_image=&#8221;off&#8221; custom_margin=&#8221;0px||0px||true|false&#8221; custom_padding=&#8221;||||true|false&#8221; custom_padding_tablet=&#8221;75px||75px||true|false&#8221; custom_padding_phone=&#8221;50px||60px||false|false&#8221; box_shadow_style=&#8221;preset1&#8243; global_colors_info=&#8221;{}&#8221;][et_pb_row custom_padding_last_edited=&#8221;on|phone&#8221; module_id=&#8221;#graafinen&#8221; _builder_version=&#8221;4.27.5&#8243; _module_preset=&#8221;default&#8221; width=&#8221;60%&#8221; width_tablet=&#8221;60%&#8221; width_phone=&#8221;80%&#8221; width_last_edited=&#8221;on|desktop&#8221; custom_margin=&#8221;||||false|false&#8221; custom_margin_tablet=&#8221;0px||||false|false&#8221; custom_margin_phone=&#8221;0px||||false|false&#8221; custom_margin_last_edited=&#8221;on|desktop&#8221; custom_padding=&#8221;40px||50px||false|false&#8221; custom_padding_tablet=&#8221;&#8221; custom_padding_phone=&#8221;10px||||false|false&#8221; global_colors_info=&#8221;{}&#8221;][et_pb_column type=&#8221;4_4&#8243; _builder_version=&#8221;4.27.4&#8243; _module_preset=&#8221;default&#8221; global_colors_info=&#8221;{}&#8221;][et_pb_text _builder_version=&#8221;4.27.4&#8243; _module_preset=&#8221;default&#8221; text_font=&#8221;Roboto|900|||||||&#8221; text_text_color=&#8221;#000000&#8243; text_font_size=&#8221;24px&#8221; text_line_height=&#8221;1.6em&#8221; header_3_font=&#8221;Roboto|900|||||||&#8221; header_3_text_color=&#8221;#232323&#8243; header_3_font_size=&#8221;40px&#8221; header_3_line_height=&#8221;1.4em&#8221; text_orientation=&#8221;center&#8221; custom_margin=&#8221;||10px||false|false&#8221; custom_padding=&#8221;||||false|false&#8221; header_3_font_size_tablet=&#8221;32px&#8221; header_3_font_size_phone=&#8221;32px&#8221; header_3_font_size_last_edited=&#8221;on|phone&#8221; global_colors_info=&#8221;{}&#8221;]<\/p>\n<h3 style=\"text-align: left;\">Tehd\u00e4\u00e4n instagramistasi houkutteleva<\/h3>\n<p>[\/et_pb_text][et_pb_text _builder_version=&#8221;4.27.4&#8243; _module_preset=&#8221;default&#8221; text_font=&#8221;Roboto||||||||&#8221; text_text_color=&#8221;rgba(10,10,10,0.83)&#8221; text_font_size=&#8221;20px&#8221; text_line_height=&#8221;1.6em&#8221; text_orientation=&#8221;center&#8221; custom_margin=&#8221;0px||0px||false|false&#8221; custom_padding=&#8221;0px||0px||false|false&#8221; text_font_size_tablet=&#8221;20px&#8221; text_font_size_phone=&#8221;18px&#8221; text_font_size_last_edited=&#8221;on|phone&#8221; global_colors_info=&#8221;{}&#8221;]<\/p>\n<p style=\"text-align: left;\">Luodaan yrityksellesi erottuva ja yhten\u00e4inen ilme instagramiin, jolla j\u00e4\u00e4t varmasti ihmisten mieleen. Suunnittelen toiveittesi pohjalta\u00a0instagram-tilillesi valmiit kuvapohjat, joihin voit jatkossa helposti vaihtaa tekstit ja kuvat.<\/p>\n<p style=\"text-align: left;\">Kuvapohjat suunnitellaan Canvaan joko yrityksen nykyisen visuaalisen ilmeen tai uuden ilmeen mukaan, johon suunnitellaan k\u00e4ytett\u00e4v\u00e4t v\u00e4rit, tunnelma, fontit ja graafiset elementit. Ilmett\u00e4 voidaan hy\u00f6dynt\u00e4\u00e4 my\u00f6s muissa yrityksen sosiaalisen median kanavissa.<\/p>\n<p>[\/et_pb_text][et_pb_button button_url=&#8221;@ET-DC@eyJkeW5hbWljIjp0cnVlLCJjb250ZW50IjoicG9zdF9saW5rX3VybF9wYWdlIiwic2V0dGluZ3MiOnsicG9zdF9pZCI6IjcxOSJ9fQ==@&#8221; button_text=&#8221;Kysy lis\u00e4\u00e4&#8221; button_alignment=&#8221;left&#8221; button_alignment_tablet=&#8221;left&#8221; button_alignment_phone=&#8221;left&#8221; button_alignment_last_edited=&#8221;on|phone&#8221; _builder_version=&#8221;4.27.5&#8243; _dynamic_attributes=&#8221;button_url&#8221; _module_preset=&#8221;default&#8221; custom_button=&#8221;on&#8221; button_text_size=&#8221;24px&#8221; button_text_color=&#8221;#ffe3db&#8221; button_bg_color=&#8221;#ba0000&#8243; button_border_width=&#8221;0px&#8221; button_border_radius=&#8221;100px&#8221; button_font=&#8221;Poppins|700|||||||&#8221; custom_margin=&#8221;60px|0px||0px|false|false&#8221; custom_margin_tablet=&#8221;60px||||false|false&#8221; custom_margin_phone=&#8221;45px||||false|false&#8221; custom_margin_last_edited=&#8221;on|phone&#8221; custom_padding=&#8221;12px|42px|12px|42px|true|true&#8221; hover_transition_duration=&#8221;100ms&#8221; button_text_size_tablet=&#8221;25px&#8221; button_text_size_phone=&#8221;20px&#8221; button_text_size_last_edited=&#8221;on|phone&#8221; hover_transition_duration_tablet=&#8221;100ms&#8221; hover_transition_duration_phone=&#8221;150ms&#8221; hover_transition_duration_last_edited=&#8221;on|phone&#8221; locked=&#8221;off&#8221; global_colors_info=&#8221;{}&#8221; button_text_color__hover_enabled=&#8221;on|hover&#8221; button_bg_color__hover=&#8221;#ba0000&#8243; button_bg_enable_color__hover=&#8221;on&#8221; button_border_color__hover_enabled=&#8221;off|desktop&#8221; button_border_color__hover=&#8221;RGBA(255,255,255,0)&#8221; button_text_color__hover=&#8221;#faf7ef&#8221;][\/et_pb_button][\/et_pb_column][\/et_pb_row][et_pb_row _builder_version=&#8221;4.27.5&#8243; _module_preset=&#8221;default&#8221; width_tablet=&#8221;&#8221; width_phone=&#8221;90%&#8221; width_last_edited=&#8221;on|phone&#8221; global_colors_info=&#8221;{}&#8221;][et_pb_column type=&#8221;4_4&#8243; _builder_version=&#8221;4.27.5&#8243; _module_preset=&#8221;default&#8221; global_colors_info=&#8221;{}&#8221;][et_pb_image src=&#8221;https:\/\/www.sarajokela.fi\/wp-content\/uploads\/2026\/01\/somemallit-scaled.png&#8221; align=&#8221;center&#8221; _builder_version=&#8221;4.27.5&#8243; _module_preset=&#8221;default&#8221; width=&#8221;85%&#8221; width_tablet=&#8221;85%&#8221; width_phone=&#8221;100%&#8221; width_last_edited=&#8221;on|desktop&#8221; hover_enabled=&#8221;0&#8243; global_colors_info=&#8221;{}&#8221; sticky_enabled=&#8221;0&#8243;][\/et_pb_image][\/et_pb_column][\/et_pb_row][\/et_pb_section][et_pb_section fb_built=&#8221;1&#8243; custom_padding_last_edited=&#8221;off|desktop&#8221; _builder_version=&#8221;4.27.5&#8243; _module_preset=&#8221;default&#8221; background_color=&#8221;#ffe3db&#8221; background_enable_image=&#8221;off&#8221; custom_margin=&#8221;0px||0px||true|false&#8221; custom_padding=&#8221;||||true|false&#8221; custom_padding_tablet=&#8221;75px||75px||true|false&#8221; custom_padding_phone=&#8221;50px||60px||false|false&#8221; global_colors_info=&#8221;{}&#8221;][et_pb_row custom_padding_last_edited=&#8221;on|phone&#8221; module_id=&#8221;#graafinen&#8221; _builder_version=&#8221;4.27.5&#8243; _module_preset=&#8221;default&#8221; width=&#8221;60%&#8221; width_tablet=&#8221;60%&#8221; width_phone=&#8221;80%&#8221; width_last_edited=&#8221;on|desktop&#8221; custom_margin=&#8221;0px||||false|false&#8221; custom_margin_tablet=&#8221;0px||||false|false&#8221; custom_margin_phone=&#8221;0px||||false|false&#8221; custom_margin_last_edited=&#8221;on|desktop&#8221; custom_padding=&#8221;40px||60px||false|false&#8221; custom_padding_tablet=&#8221;20px||50px||false|false&#8221; custom_padding_phone=&#8221;20px||50px||false|false&#8221; global_colors_info=&#8221;{}&#8221;][et_pb_column type=&#8221;4_4&#8243; _builder_version=&#8221;4.27.4&#8243; _module_preset=&#8221;default&#8221; global_colors_info=&#8221;{}&#8221;][et_pb_text _builder_version=&#8221;4.27.4&#8243; _module_preset=&#8221;default&#8221; text_font=&#8221;Roboto|900|||||||&#8221; text_text_color=&#8221;#000000&#8243; text_font_size=&#8221;24px&#8221; text_line_height=&#8221;1.6em&#8221; header_3_font=&#8221;Roboto|900|||||||&#8221; header_3_text_color=&#8221;#232323&#8243; header_3_font_size=&#8221;40px&#8221; header_3_line_height=&#8221;1.4em&#8221; text_orientation=&#8221;center&#8221; custom_margin=&#8221;||10px||false|false&#8221; custom_padding=&#8221;||||false|false&#8221; header_3_font_size_tablet=&#8221;32px&#8221; header_3_font_size_phone=&#8221;32px&#8221; header_3_font_size_last_edited=&#8221;on|phone&#8221; global_colors_info=&#8221;{}&#8221;]<\/p>\n<h3 style=\"text-align: left;\">Vaikuttavaa sis\u00e4ll\u00f6ntuotantoa yrityksellesi<\/h3>\n<p>[\/et_pb_text][et_pb_text _builder_version=&#8221;4.27.4&#8243; _module_preset=&#8221;default&#8221; text_font=&#8221;Roboto||||||||&#8221; text_text_color=&#8221;rgba(10,10,10,0.83)&#8221; text_font_size=&#8221;20px&#8221; text_line_height=&#8221;1.6em&#8221; text_orientation=&#8221;center&#8221; custom_margin=&#8221;0px||0px||false|false&#8221; custom_padding=&#8221;0px||0px||false|false&#8221; text_font_size_tablet=&#8221;20px&#8221; text_font_size_phone=&#8221;18px&#8221; text_font_size_last_edited=&#8221;on|phone&#8221; global_colors_info=&#8221;{}&#8221;]<\/p>\n<p style=\"text-align: left;\">Teen yhteisty\u00f6t\u00e4 Premium Somen kanssa, joka luo vaikuttavaa ja autenttista somesis\u00e4lt\u00f6\u00e4 yrityksille. &#8221;Yhdist\u00e4mme luovan vision, strategisen ajattelun ja syd\u00e4mellisen otteen. T\u00e4m\u00e4 tasapaino takaa sen, ett\u00e4 luomme sis\u00e4lt\u00f6\u00e4, joka paitsi t\u00e4ytt\u00e4\u00e4, my\u00f6s ylitt\u00e4\u00e4 asiakkaidemme odotukset.&#8221; Premium Somelta saat yrityksesi somekanaviin vahvaa ja visuaalista sis\u00e4lt\u00f6\u00e4, joka her\u00e4tt\u00e4\u00e4 tunteita, sitouttaa ja tekee yrityksest\u00e4si mieleenpainuvan.<\/p>\n<p>[\/et_pb_text][et_pb_button button_url=&#8221;https:\/\/premiumsome.com\/&#8221; button_text=&#8221;Tutustu lis\u00e4\u00e4&#8221; button_alignment=&#8221;left&#8221; button_alignment_tablet=&#8221;left&#8221; button_alignment_phone=&#8221;left&#8221; button_alignment_last_edited=&#8221;on|phone&#8221; _builder_version=&#8221;4.27.5&#8243; _module_preset=&#8221;default&#8221; custom_button=&#8221;on&#8221; button_text_size=&#8221;24px&#8221; button_text_color=&#8221;#ffe3db&#8221; button_bg_color=&#8221;#ba0000&#8243; button_border_width=&#8221;0px&#8221; button_border_radius=&#8221;100px&#8221; button_font=&#8221;Poppins|700|||||||&#8221; custom_margin=&#8221;60px|0px||0px|false|false&#8221; custom_margin_tablet=&#8221;60px||||false|false&#8221; custom_margin_phone=&#8221;45px||||false|false&#8221; custom_margin_last_edited=&#8221;on|phone&#8221; custom_padding=&#8221;12px|42px|12px|42px|true|true&#8221; hover_transition_duration=&#8221;100ms&#8221; button_text_size_tablet=&#8221;25px&#8221; button_text_size_phone=&#8221;20px&#8221; button_text_size_last_edited=&#8221;on|phone&#8221; hover_transition_duration_tablet=&#8221;100ms&#8221; hover_transition_duration_phone=&#8221;150ms&#8221; hover_transition_duration_last_edited=&#8221;on|phone&#8221; locked=&#8221;off&#8221; global_colors_info=&#8221;{}&#8221; button_text_color__hover_enabled=&#8221;on|hover&#8221; button_bg_color__hover=&#8221;#ba0000&#8243; button_bg_enable_color__hover=&#8221;on&#8221; button_border_color__hover_enabled=&#8221;off|desktop&#8221; button_border_color__hover=&#8221;RGBA(255,255,255,0)&#8221; button_text_color__hover=&#8221;#faf7ef&#8221;][\/et_pb_button][\/et_pb_column][\/et_pb_row][et_pb_row _builder_version=&#8221;4.27.5&#8243; _module_preset=&#8221;default&#8221; width=&#8221;60%&#8221; width_tablet=&#8221;60%&#8221; width_phone=&#8221;80%&#8221; width_last_edited=&#8221;on|desktop&#8221; hover_enabled=&#8221;0&#8243; global_colors_info=&#8221;{}&#8221; sticky_enabled=&#8221;0&#8243;][et_pb_column type=&#8221;4_4&#8243; _builder_version=&#8221;4.27.5&#8243; _module_preset=&#8221;default&#8221; global_colors_info=&#8221;{}&#8221;][et_pb_image src=&#8221;https:\/\/www.sarajokela.fi\/wp-content\/uploads\/2026\/01\/ME.webp&#8221; _builder_version=&#8221;4.27.5&#8243; _module_preset=&#8221;default&#8221; hover_enabled=&#8221;0&#8243; border_width_all=&#8221;2px&#8221; border_color_all=&#8221;#3a3a3a&#8221; global_colors_info=&#8221;{}&#8221; custom_margin=&#8221;0px||0px||false|false&#8221; custom_padding=&#8221;0px||0px||false|false&#8221; sticky_enabled=&#8221;0&#8243;][\/et_pb_image][\/et_pb_column][\/et_pb_row][\/et_pb_section]<\/p>\n","protected":false},"excerpt":{"rendered":"<p>SomeTehd\u00e4\u00e4n instagramistasi houkuttelevaLuodaan yrityksellesi erottuva ja yhten\u00e4inen ilme instagramiin, jolla j\u00e4\u00e4t varmasti ihmisten mieleen. Suunnittelen toiveittesi pohjalta\u00a0instagram-tilillesi valmiit kuvapohjat, joihin voit jatkossa helposti vaihtaa tekstit ja kuvat. Kuvapohjat suunnitellaan Canvaan joko yrityksen nykyisen visuaalisen ilmeen tai uuden ilmeen mukaan, johon suunnitellaan k\u00e4ytett\u00e4v\u00e4t v\u00e4rit, tunnelma, fontit ja graafiset elementit. Ilmett\u00e4 voidaan hy\u00f6dynt\u00e4\u00e4 my\u00f6s muissa yrityksen sosiaalisen [&hellip;]<\/p>\n","protected":false},"author":1,"featured_media":0,"parent":0,"menu_order":0,"comment_status":"closed","ping_status":"closed","template":"","meta":{"_et_pb_use_builder":"on","_et_pb_old_content":"","_et_gb_content_width":"","footnotes":""},"class_list":["post-1635","page","type-page","status-publish","hentry"],"yoast_head":"<!-- This site is optimized with the Yoast SEO plugin v27.4 - https:\/\/yoast.com\/product\/yoast-seo-wordpress\/ -->\n<title>Some - Sara Jokela<\/title>\n<meta name=\"robots\" content=\"index, follow, max-snippet:-1, max-image-preview:large, max-video-preview:-1\" \/>\n<link rel=\"canonical\" href=\"https:\/\/www.sarajokela.fi\/?page_id=1635\" \/>\n<meta property=\"og:locale\" content=\"fi_FI\" \/>\n<meta property=\"og:type\" content=\"article\" \/>\n<meta property=\"og:title\" content=\"Some - Sara Jokela\" \/>\n<meta property=\"og:description\" content=\"SomeTehd\u00e4\u00e4n instagramistasi houkuttelevaLuodaan yrityksellesi erottuva ja yhten\u00e4inen ilme instagramiin, jolla j\u00e4\u00e4t varmasti ihmisten mieleen. Suunnittelen toiveittesi pohjalta\u00a0instagram-tilillesi valmiit kuvapohjat, joihin voit jatkossa helposti vaihtaa tekstit ja kuvat. Kuvapohjat suunnitellaan Canvaan joko yrityksen nykyisen visuaalisen ilmeen tai uuden ilmeen mukaan, johon suunnitellaan k\u00e4ytett\u00e4v\u00e4t v\u00e4rit, tunnelma, fontit ja graafiset elementit. Ilmett\u00e4 voidaan hy\u00f6dynt\u00e4\u00e4 my\u00f6s muissa yrityksen sosiaalisen [&hellip;]\" \/>\n<meta property=\"og:url\" content=\"https:\/\/www.sarajokela.fi\/?page_id=1635\" \/>\n<meta property=\"og:site_name\" content=\"Sara Jokela\" \/>\n<meta property=\"article:modified_time\" content=\"2026-02-18T16:16:32+00:00\" \/>\n<meta name=\"twitter:card\" content=\"summary_large_image\" \/>\n<meta name=\"twitter:label1\" content=\"Arvioitu lukuaika\" \/>\n\t<meta name=\"twitter:data1\" content=\"2 minuuttia\" \/>\n<script type=\"application\/ld+json\" class=\"yoast-schema-graph\">{\"@context\":\"https:\\\/\\\/schema.org\",\"@graph\":[{\"@type\":\"WebPage\",\"@id\":\"https:\\\/\\\/www.sarajokela.fi\\\/?page_id=1635\",\"url\":\"https:\\\/\\\/www.sarajokela.fi\\\/?page_id=1635\",\"name\":\"Some - Sara Jokela\",\"isPartOf\":{\"@id\":\"https:\\\/\\\/www.sarajokela.fi\\\/#website\"},\"datePublished\":\"2025-08-04T14:02:35+00:00\",\"dateModified\":\"2026-02-18T16:16:32+00:00\",\"breadcrumb\":{\"@id\":\"https:\\\/\\\/www.sarajokela.fi\\\/?page_id=1635#breadcrumb\"},\"inLanguage\":\"fi\",\"potentialAction\":[{\"@type\":\"ReadAction\",\"target\":[\"https:\\\/\\\/www.sarajokela.fi\\\/?page_id=1635\"]}]},{\"@type\":\"BreadcrumbList\",\"@id\":\"https:\\\/\\\/www.sarajokela.fi\\\/?page_id=1635#breadcrumb\",\"itemListElement\":[{\"@type\":\"ListItem\",\"position\":1,\"name\":\"Etusivu\",\"item\":\"https:\\\/\\\/www.sarajokela.fi\\\/\"},{\"@type\":\"ListItem\",\"position\":2,\"name\":\"Some\"}]},{\"@type\":\"WebSite\",\"@id\":\"https:\\\/\\\/www.sarajokela.fi\\\/#website\",\"url\":\"https:\\\/\\\/www.sarajokela.fi\\\/\",\"name\":\"Sara Jokela\",\"description\":\"Suunnittelen ja toteutan verkkosivuja sek&auml; graafisen suunnittelun palveluita, kuten br&auml;ndi-ilmeit&auml; ja logoja.\",\"potentialAction\":[{\"@type\":\"SearchAction\",\"target\":{\"@type\":\"EntryPoint\",\"urlTemplate\":\"https:\\\/\\\/www.sarajokela.fi\\\/?s={search_term_string}\"},\"query-input\":{\"@type\":\"PropertyValueSpecification\",\"valueRequired\":true,\"valueName\":\"search_term_string\"}}],\"inLanguage\":\"fi\"}]}<\/script>\n<!-- \/ Yoast SEO plugin. -->","yoast_head_json":{"title":"Some - Sara Jokela","robots":{"index":"index","follow":"follow","max-snippet":"max-snippet:-1","max-image-preview":"max-image-preview:large","max-video-preview":"max-video-preview:-1"},"canonical":"https:\/\/www.sarajokela.fi\/?page_id=1635","og_locale":"fi_FI","og_type":"article","og_title":"Some - Sara Jokela","og_description":"SomeTehd\u00e4\u00e4n instagramistasi houkuttelevaLuodaan yrityksellesi erottuva ja yhten\u00e4inen ilme instagramiin, jolla j\u00e4\u00e4t varmasti ihmisten mieleen. Suunnittelen toiveittesi pohjalta\u00a0instagram-tilillesi valmiit kuvapohjat, joihin voit jatkossa helposti vaihtaa tekstit ja kuvat. Kuvapohjat suunnitellaan Canvaan joko yrityksen nykyisen visuaalisen ilmeen tai uuden ilmeen mukaan, johon suunnitellaan k\u00e4ytett\u00e4v\u00e4t v\u00e4rit, tunnelma, fontit ja graafiset elementit. Ilmett\u00e4 voidaan hy\u00f6dynt\u00e4\u00e4 my\u00f6s muissa yrityksen sosiaalisen [&hellip;]","og_url":"https:\/\/www.sarajokela.fi\/?page_id=1635","og_site_name":"Sara Jokela","article_modified_time":"2026-02-18T16:16:32+00:00","twitter_card":"summary_large_image","twitter_misc":{"Arvioitu lukuaika":"2 minuuttia"},"schema":{"@context":"https:\/\/schema.org","@graph":[{"@type":"WebPage","@id":"https:\/\/www.sarajokela.fi\/?page_id=1635","url":"https:\/\/www.sarajokela.fi\/?page_id=1635","name":"Some - Sara Jokela","isPartOf":{"@id":"https:\/\/www.sarajokela.fi\/#website"},"datePublished":"2025-08-04T14:02:35+00:00","dateModified":"2026-02-18T16:16:32+00:00","breadcrumb":{"@id":"https:\/\/www.sarajokela.fi\/?page_id=1635#breadcrumb"},"inLanguage":"fi","potentialAction":[{"@type":"ReadAction","target":["https:\/\/www.sarajokela.fi\/?page_id=1635"]}]},{"@type":"BreadcrumbList","@id":"https:\/\/www.sarajokela.fi\/?page_id=1635#breadcrumb","itemListElement":[{"@type":"ListItem","position":1,"name":"Etusivu","item":"https:\/\/www.sarajokela.fi\/"},{"@type":"ListItem","position":2,"name":"Some"}]},{"@type":"WebSite","@id":"https:\/\/www.sarajokela.fi\/#website","url":"https:\/\/www.sarajokela.fi\/","name":"Sara Jokela","description":"Suunnittelen ja toteutan verkkosivuja sek&auml; graafisen suunnittelun palveluita, kuten br&auml;ndi-ilmeit&auml; ja logoja.","potentialAction":[{"@type":"SearchAction","target":{"@type":"EntryPoint","urlTemplate":"https:\/\/www.sarajokela.fi\/?s={search_term_string}"},"query-input":{"@type":"PropertyValueSpecification","valueRequired":true,"valueName":"search_term_string"}}],"inLanguage":"fi"}]}},"_links":{"self":[{"href":"https:\/\/www.sarajokela.fi\/index.php?rest_route=\/wp\/v2\/pages\/1635","targetHints":{"allow":["GET"]}}],"collection":[{"href":"https:\/\/www.sarajokela.fi\/index.php?rest_route=\/wp\/v2\/pages"}],"about":[{"href":"https:\/\/www.sarajokela.fi\/index.php?rest_route=\/wp\/v2\/types\/page"}],"author":[{"embeddable":true,"href":"https:\/\/www.sarajokela.fi\/index.php?rest_route=\/wp\/v2\/users\/1"}],"replies":[{"embeddable":true,"href":"https:\/\/www.sarajokela.fi\/index.php?rest_route=%2Fwp%2Fv2%2Fcomments&post=1635"}],"version-history":[{"count":67,"href":"https:\/\/www.sarajokela.fi\/index.php?rest_route=\/wp\/v2\/pages\/1635\/revisions"}],"predecessor-version":[{"id":3172,"href":"https:\/\/www.sarajokela.fi\/index.php?rest_route=\/wp\/v2\/pages\/1635\/revisions\/3172"}],"wp:attachment":[{"href":"https:\/\/www.sarajokela.fi\/index.php?rest_route=%2Fwp%2Fv2%2Fmedia&parent=1635"}],"curies":[{"name":"wp","href":"https:\/\/api.w.org\/{rel}","templated":true}]}}