{"id":1911,"date":"2025-09-10T15:27:47","date_gmt":"2025-09-10T12:27:47","guid":{"rendered":"https:\/\/atomic-temporary-240383443.wpcomstaging.com\/?page_id=1911"},"modified":"2026-04-13T09:41:59","modified_gmt":"2026-04-13T09:41:59","slug":"brandi-ilme","status":"publish","type":"page","link":"https:\/\/www.sarajokela.fi\/?page_id=1911","title":{"rendered":"Br\u00e4ndi-ilme"},"content":{"rendered":"\n[et_pb_section fb_built=&#8221;1&#8243; _builder_version=&#8221;4.27.4&#8243; _module_preset=&#8221;default&#8221; background_enable_image_phone=&#8221;off&#8221; global_colors_info=&#8221;{}&#8221; background_color=&#8221;#ffe3db&#8221;][et_pb_row _builder_version=&#8221;4.27.4&#8243; _module_preset=&#8221;default&#8221; width=&#8221;60%&#8221; width_tablet=&#8221;60%&#8221; width_phone=&#8221;80%&#8221; width_last_edited=&#8221;on|desktop&#8221; custom_margin=&#8221;||60px||false|false&#8221; custom_margin_tablet=&#8221;0px||40px||false|false&#8221; custom_margin_phone=&#8221;0px||30px||false|false&#8221; custom_margin_last_edited=&#8221;on|phone&#8221; custom_padding=&#8221;0px||||false|false&#8221; global_colors_info=&#8221;{}&#8221; custom_padding_tablet=&#8221;0px||||false|false&#8221; custom_padding_phone=&#8221;0px||||false|false&#8221; custom_padding_last_edited=&#8221;on|phone&#8221;][et_pb_column type=&#8221;4_4&#8243; _builder_version=&#8221;4.27.4&#8243; _module_preset=&#8221;default&#8221; global_colors_info=&#8221;{}&#8221;][et_pb_text content_tablet=&#8221;<h1><strong>Br\u00e4ndi-ilme<\/strong><\/h1>&#8221; content_phone=&#8221;<h1><strong>Br\u00e4ndi-ilme<\/strong><\/h1>&#8221; content_last_edited=&#8221;on|phone&#8221; _builder_version=&#8221;4.27.4&#8243; _module_preset=&#8221;default&#8221; text_font=&#8221;Poppins||||||||&#8221; text_text_color=&#8221;#E02B20&#8243; header_font=&#8221;Poppins||||||||&#8221; header_text_align=&#8221;center&#8221; header_text_color=&#8221;#232323&#8243; header_font_size=&#8221;48px&#8221; header_line_height=&#8221;1.5em&#8221; module_alignment=&#8221;center&#8221; custom_margin=&#8221;0px|0px|0px|0px|false|true&#8221; custom_margin_tablet=&#8221;0px|0px|0px|0px|false|true&#8221; custom_margin_phone=&#8221;||0px||false|false&#8221; custom_margin_last_edited=&#8221;on|phone&#8221; custom_padding=&#8221;0px|0px|0px||false|false&#8221; custom_padding_tablet=&#8221;0px|0px|0px||false|false&#8221; custom_padding_phone=&#8221;||0px||false|false&#8221; custom_padding_last_edited=&#8221;on|phone&#8221; header_font_tablet=&#8221;Poppins||||||||&#8221; header_font_phone=&#8221;Poppins|600|||||||&#8221; header_font_last_edited=&#8221;on|phone&#8221; header_font_size_tablet=&#8221;40px&#8221; header_font_size_phone=&#8221;32px&#8221; header_font_size_last_edited=&#8221;on|phone&#8221; header_line_height_tablet=&#8221;1.2em&#8221; header_line_height_phone=&#8221;1.6em&#8221; header_line_height_last_edited=&#8221;on|phone&#8221; global_colors_info=&#8221;{}&#8221;]<h1><strong>Br\u00e4ndi-ilme<\/strong><\/h1>[\/et_pb_text][et_pb_text content_tablet=&#8221;<p style=%22text-align: center;%22>Suunnittelen ja toteutan nettisivuja sek\u00e4 graafisen suunnittelun palveluita, kuten br\u00e4ndi-ilmeiden ja logojen suunnittelua.<\/p>&#8221; content_phone=&#8221;<p style=%22text-align: center;%22><strong>Hyvin suunniteltu ilme v\u00e4litt\u00e4\u00e4 yrityksesi arvot, tekee br\u00e4ndist\u00e4si helposti tunnistettavan ja auttaa sinua houkuttelemaan juuri oikeita asiakkaita.<\/strong><\/p>&#8221; content_last_edited=&#8221;on|phone&#8221; _builder_version=&#8221;4.27.4&#8243; _module_preset=&#8221;default&#8221; text_font=&#8221;Roboto||||||||&#8221; text_text_color=&#8221;rgba(10,10,10,0.83)&#8221; text_font_size=&#8221;21px&#8221; text_line_height=&#8221;1.6em&#8221; width=&#8221;80%&#8221; max_width=&#8221;100%&#8221; module_alignment=&#8221;center&#8221; custom_margin=&#8221;10px|0px||0px|false|true&#8221; custom_margin_tablet=&#8221;0px|10px|0px|10px|true|true&#8221; custom_margin_phone=&#8221;0px|auto||auto|false|true&#8221; custom_margin_last_edited=&#8221;on|phone&#8221; custom_padding=&#8221;||||false|false&#8221; custom_padding_tablet=&#8221;20px||20px||true|false&#8221; custom_padding_phone=&#8221;0px||0px||false|false&#8221; custom_padding_last_edited=&#8221;on|desktop&#8221; text_font_size_tablet=&#8221;20px&#8221; text_font_size_phone=&#8221;19px&#8221; text_font_size_last_edited=&#8221;on|phone&#8221; global_colors_info=&#8221;{}&#8221;]<p style=\"text-align: center;\"><strong> Hyvin suunniteltu ilme v\u00e4litt\u00e4\u00e4 yrityksesi arvot, tekee br\u00e4ndist\u00e4si helposti tunnistettavan ja auttaa sinua houkuttelemaan juuri oikeita asiakkaita.<\/strong><\/p>[\/et_pb_text][\/et_pb_column][\/et_pb_row][\/et_pb_section][et_pb_section fb_built=&#8221;1&#8243; custom_padding_last_edited=&#8221;on|desktop&#8221; _builder_version=&#8221;4.27.4&#8243; _module_preset=&#8221;default&#8221; background_color=&#8221;#f9d6cc&#8221; background_enable_image=&#8221;off&#8221; custom_margin=&#8221;0px||0px||true|false&#8221; custom_padding=&#8221;60px||60px||true|false&#8221; custom_padding_tablet=&#8221;75px||75px||true|false&#8221; custom_padding_phone=&#8221;50px||60px||false|false&#8221; box_shadow_style=&#8221;preset1&#8243; global_colors_info=&#8221;{}&#8221;][et_pb_row custom_padding_last_edited=&#8221;on|phone&#8221; _builder_version=&#8221;4.27.4&#8243; _module_preset=&#8221;default&#8221; width=&#8221;60%&#8221; width_tablet=&#8221;60%&#8221; width_phone=&#8221;80%&#8221; width_last_edited=&#8221;on|desktop&#8221; custom_margin=&#8221;20px||20px||true|false&#8221; custom_margin_tablet=&#8221;20px||20px||true|false&#8221; custom_margin_phone=&#8221;0px||0px||true|false&#8221; custom_margin_last_edited=&#8221;on|phone&#8221; custom_padding_tablet=&#8221;&#8221; custom_padding_phone=&#8221;0px||||false|false&#8221; locked=&#8221;off&#8221; global_colors_info=&#8221;{}&#8221;][et_pb_column type=&#8221;4_4&#8243; _builder_version=&#8221;4.27.4&#8243; _module_preset=&#8221;default&#8221; global_colors_info=&#8221;{}&#8221;][et_pb_image src=&#8221;http:\/\/www.sarajokela.fi\/wp-content\/uploads\/2026\/01\/valomainos-scaled.jpg&#8221; _builder_version=&#8221;4.27.4&#8243; _module_preset=&#8221;default&#8221; custom_margin_tablet=&#8221;&#8221; custom_margin_phone=&#8221;0px||||false|false&#8221; custom_margin_last_edited=&#8221;on|phone&#8221; custom_padding_tablet=&#8221;&#8221; custom_padding_phone=&#8221;0px||||false|false&#8221; custom_padding_last_edited=&#8221;on|phone&#8221; border_width_all=&#8221;2px&#8221; border_color_all=&#8221;#3a3a3a&#8221; global_colors_info=&#8221;{}&#8221;][\/et_pb_image][\/et_pb_column][\/et_pb_row][et_pb_row module_id=&#8221;#graafinen&#8221; _builder_version=&#8221;4.27.4&#8243; _module_preset=&#8221;default&#8221; width=&#8221;60%&#8221; width_tablet=&#8221;60%&#8221; width_phone=&#8221;80%&#8221; width_last_edited=&#8221;on|desktop&#8221; custom_margin=&#8221;30px||30px||false|false&#8221; custom_margin_tablet=&#8221;0px||||false|false&#8221; custom_margin_phone=&#8221;10px||||false|false&#8221; custom_margin_last_edited=&#8221;on|desktop&#8221; global_colors_info=&#8221;{}&#8221;][et_pb_column type=&#8221;4_4&#8243; _builder_version=&#8221;4.27.4&#8243; _module_preset=&#8221;default&#8221; global_colors_info=&#8221;{}&#8221;][et_pb_text _builder_version=&#8221;4.27.4&#8243; _module_preset=&#8221;default&#8221; text_font=&#8221;Roboto|700|||||||&#8221; text_text_color=&#8221;#000000&#8243; text_font_size=&#8221;27px&#8221; text_line_height=&#8221;1.6em&#8221; header_3_font=&#8221;Roboto|900|||||||&#8221; header_3_text_color=&#8221;#232323&#8243; header_3_font_size=&#8221;34px&#8221; text_orientation=&#8221;center&#8221; custom_margin=&#8221;||||false|false&#8221; custom_margin_tablet=&#8221;||||false|false&#8221; custom_margin_phone=&#8221;||15px||false|false&#8221; custom_margin_last_edited=&#8221;on|phone&#8221; custom_padding=&#8221;||||false|false&#8221; custom_padding_tablet=&#8221;0px||0px||false|false&#8221; custom_padding_phone=&#8221;0px||0px||true|false&#8221; custom_padding_last_edited=&#8221;on|phone&#8221; text_font_size_tablet=&#8221;20px&#8221; text_font_size_phone=&#8221;18px&#8221; text_font_size_last_edited=&#8221;off|desktop&#8221; header_line_height_tablet=&#8221;&#8221; header_line_height_phone=&#8221;1.8em&#8221; header_line_height_last_edited=&#8221;on|phone&#8221; header_3_font_size_tablet=&#8221;34px&#8221; header_3_font_size_phone=&#8221;28px&#8221; header_3_font_size_last_edited=&#8221;on|phone&#8221; header_3_line_height_tablet=&#8221;&#8221; header_3_line_height_phone=&#8221;1em&#8221; header_3_line_height_last_edited=&#8221;on|phone&#8221; global_colors_info=&#8221;{}&#8221;]<h3 style=\"text-align: left;\">Visuaalinen br\u00e4nd\u00e4ys<\/h3>[\/et_pb_text][et_pb_text _builder_version=&#8221;4.27.4&#8243; _module_preset=&#8221;default&#8221; text_font=&#8221;Roboto||||||||&#8221; text_text_color=&#8221;rgba(10,10,10,0.83)&#8221; text_font_size=&#8221;20px&#8221; text_line_height=&#8221;1.6em&#8221; text_orientation=&#8221;center&#8221; custom_margin=&#8221;0px||0px||false|false&#8221; custom_padding=&#8221;0px||0px||false|false&#8221; custom_padding_tablet=&#8221;60px||60px||false|false&#8221; custom_padding_phone=&#8221;20px||60px||false|false&#8221; custom_padding_last_edited=&#8221;off|desktop&#8221; text_font_size_tablet=&#8221;20px&#8221; text_font_size_phone=&#8221;18px&#8221; text_font_size_last_edited=&#8221;on|phone&#8221; global_colors_info=&#8221;{}&#8221;]<p style=\"text-align: left\">Yrityksen visuaalinen ilme on esimm\u00e4inen asia, jonka asiakkaasi n\u00e4kev\u00e4t. Se her\u00e4tt\u00e4\u00e4 tunteita ja tekee n\u00e4kyv\u00e4ksi yrityksesi tarinan sek\u00e4 arvot. Hyvin suunniteltu br\u00e4ndi-ilme vahvistaa luottamusta, kun viestint\u00e4 on visuaalisesti johdonmukaista jokaisessa kanavassa.<\/p>\n<p style=\"text-align: left\"><strong><\/strong><\/p>\n<p style=\"text-align: left\"><strong>Vaikuttavan br\u00e4ndi-ilmeen hy\u00f6tyj\u00e4:<\/strong><\/p>\n<p style=\"text-align: left\"><strong>\ud83d\udcab\u00a0 Kaikissa kanavissa toistuva yhten\u00e4inen ilme tekee br\u00e4ndist\u00e4si helposti tunnistettavan ja mieleenpainuvan.<\/strong><\/p>\n<p style=\"text-align: left\"><strong>\ud83d\udcab\u00a0 Selke\u00e4 ja johdonmukainen ilme her\u00e4tt\u00e4\u00e4 luottamusta asiakkaissa.<\/strong><\/p>\n<p style=\"text-align: left\"><strong>\ud83d\udcab\u00a0 Uniikki br\u00e4ndi-ilme luo kilpailuetua ja auttaa erottumaan.<\/strong><\/p>\n<p style=\"text-align: left\"><strong>\ud83d\udcab\u00a0 Markkinointi helpottuu ja aikaa s\u00e4\u00e4styy, kun visuaalinen ilme, valmiit pohjat ja selke\u00e4t ohjeistukset on laadittu valmiiksi.<\/strong><\/p>\n<p style=\"text-align: left\"><strong>\ud83d\udcab\u00a0 Parannat uskottavuutta, mik\u00e4 tukee yrityksesi liiketoiminnallista kasvua.<\/strong><\/p>\n<p style=\"text-align: left\"><strong><\/strong><\/p>\n<p style=\"text-align: left\">Suunnittelen yrityksellesi br\u00e4ndi-ilmeen sis\u00e4lten logon, graafiset elementit, k\u00e4ytett\u00e4v\u00e4t kuvat, typografian ja v\u00e4rimaailman.<\/p>[\/et_pb_text][\/et_pb_column][\/et_pb_row][\/et_pb_section]\n","protected":false},"excerpt":{"rendered":"<p>Br\u00e4ndi-ilme Hyvin suunniteltu ilme v\u00e4litt\u00e4\u00e4 yrityksesi arvot, tekee br\u00e4ndist\u00e4si helposti tunnistettavan ja auttaa sinua houkuttelemaan juuri oikeita asiakkaita.Visuaalinen br\u00e4nd\u00e4ysYrityksen visuaalinen ilme on esimm\u00e4inen asia, jonka asiakkaasi n\u00e4kev\u00e4t. Se her\u00e4tt\u00e4\u00e4 tunteita ja tekee n\u00e4kyv\u00e4ksi yrityksesi tarinan sek\u00e4 arvot. Hyvin suunniteltu br\u00e4ndi-ilme vahvistaa luottamusta, kun viestint\u00e4 on visuaalisesti johdonmukaista jokaisessa kanavassa. Vaikuttavan br\u00e4ndi-ilmeen hy\u00f6tyj\u00e4: \ud83d\udcab\u00a0 Kaikissa kanavissa [&hellip;]<\/p>\n","protected":false},"author":1,"featured_media":2474,"parent":0,"menu_order":0,"comment_status":"closed","ping_status":"closed","template":"","meta":{"_et_pb_use_builder":"on","_et_pb_old_content":"<p>[et_pb_section bb_built=\"1\"][et_pb_row][\/et_pb_row][\/et_pb_section]<\/p>","_et_gb_content_width":"","footnotes":""},"class_list":["post-1911","page","type-page","status-publish","has-post-thumbnail","hentry"],"yoast_head":"<!-- This site is optimized with the Yoast SEO plugin v27.4 - https:\/\/yoast.com\/product\/yoast-seo-wordpress\/ -->\n<title>Br\u00e4ndi-ilme - Sara Jokela<\/title>\n<meta name=\"description\" content=\"Hyvin suunniteltu ilme v\u00e4litt\u00e4\u00e4 yrityksesi arvot, tekee br\u00e4ndist\u00e4si helposti tunnistettavan ja auttaa sinua houkuttelemaan juuri oikeita asiakkaita.\" \/>\n<meta name=\"robots\" content=\"index, follow, max-snippet:-1, max-image-preview:large, max-video-preview:-1\" \/>\n<link rel=\"canonical\" href=\"https:\/\/www.sarajokela.fi\/?page_id=1911\" \/>\n<meta property=\"og:locale\" content=\"fi_FI\" \/>\n<meta property=\"og:type\" content=\"article\" \/>\n<meta property=\"og:title\" content=\"Br\u00e4ndi-ilme - Sara Jokela\" \/>\n<meta property=\"og:description\" content=\"Hyvin suunniteltu ilme v\u00e4litt\u00e4\u00e4 yrityksesi arvot, tekee br\u00e4ndist\u00e4si helposti tunnistettavan ja auttaa sinua houkuttelemaan juuri oikeita asiakkaita.\" \/>\n<meta property=\"og:url\" content=\"https:\/\/www.sarajokela.fi\/?page_id=1911\" \/>\n<meta property=\"og:site_name\" content=\"Sara Jokela\" \/>\n<meta property=\"article:modified_time\" content=\"2026-04-13T09:41:59+00:00\" \/>\n<meta property=\"og:image\" content=\"https:\/\/www.sarajokela.fi\/wp-content\/uploads\/2026\/01\/valomainos-scaled.jpg\" \/>\n\t<meta property=\"og:image:width\" content=\"2560\" \/>\n\t<meta property=\"og:image:height\" content=\"1920\" \/>\n\t<meta property=\"og:image:type\" content=\"image\/jpeg\" \/>\n<meta name=\"twitter:card\" content=\"summary_large_image\" \/>\n<meta name=\"twitter:label1\" content=\"Arvioitu lukuaika\" \/>\n\t<meta name=\"twitter:data1\" content=\"2 minuuttia\" \/>\n<script type=\"application\/ld+json\" class=\"yoast-schema-graph\">{\"@context\":\"https:\\\/\\\/schema.org\",\"@graph\":[{\"@type\":\"WebPage\",\"@id\":\"https:\\\/\\\/www.sarajokela.fi\\\/?page_id=1911\",\"url\":\"https:\\\/\\\/www.sarajokela.fi\\\/?page_id=1911\",\"name\":\"Br\u00e4ndi-ilme - Sara Jokela\",\"isPartOf\":{\"@id\":\"https:\\\/\\\/www.sarajokela.fi\\\/#website\"},\"primaryImageOfPage\":{\"@id\":\"https:\\\/\\\/www.sarajokela.fi\\\/?page_id=1911#primaryimage\"},\"image\":{\"@id\":\"https:\\\/\\\/www.sarajokela.fi\\\/?page_id=1911#primaryimage\"},\"thumbnailUrl\":\"https:\\\/\\\/www.sarajokela.fi\\\/wp-content\\\/uploads\\\/2026\\\/01\\\/valomainos-scaled.jpg\",\"datePublished\":\"2025-09-10T12:27:47+00:00\",\"dateModified\":\"2026-04-13T09:41:59+00:00\",\"description\":\"Hyvin suunniteltu ilme v\u00e4litt\u00e4\u00e4 yrityksesi arvot, tekee br\u00e4ndist\u00e4si helposti tunnistettavan ja auttaa sinua houkuttelemaan juuri oikeita asiakkaita.\",\"breadcrumb\":{\"@id\":\"https:\\\/\\\/www.sarajokela.fi\\\/?page_id=1911#breadcrumb\"},\"inLanguage\":\"fi\",\"potentialAction\":[{\"@type\":\"ReadAction\",\"target\":[\"https:\\\/\\\/www.sarajokela.fi\\\/?page_id=1911\"]}]},{\"@type\":\"ImageObject\",\"inLanguage\":\"fi\",\"@id\":\"https:\\\/\\\/www.sarajokela.fi\\\/?page_id=1911#primaryimage\",\"url\":\"https:\\\/\\\/www.sarajokela.fi\\\/wp-content\\\/uploads\\\/2026\\\/01\\\/valomainos-scaled.jpg\",\"contentUrl\":\"https:\\\/\\\/www.sarajokela.fi\\\/wp-content\\\/uploads\\\/2026\\\/01\\\/valomainos-scaled.jpg\",\"width\":2560,\"height\":1920},{\"@type\":\"BreadcrumbList\",\"@id\":\"https:\\\/\\\/www.sarajokela.fi\\\/?page_id=1911#breadcrumb\",\"itemListElement\":[{\"@type\":\"ListItem\",\"position\":1,\"name\":\"Etusivu\",\"item\":\"https:\\\/\\\/www.sarajokela.fi\\\/\"},{\"@type\":\"ListItem\",\"position\":2,\"name\":\"Br\u00e4ndi-ilme\"}]},{\"@type\":\"WebSite\",\"@id\":\"https:\\\/\\\/www.sarajokela.fi\\\/#website\",\"url\":\"https:\\\/\\\/www.sarajokela.fi\\\/\",\"name\":\"Sara Jokela\",\"description\":\"Suunnittelen ja toteutan verkkosivuja sek&auml; graafisen suunnittelun palveluita, kuten br&auml;ndi-ilmeit&auml; ja logoja.\",\"potentialAction\":[{\"@type\":\"SearchAction\",\"target\":{\"@type\":\"EntryPoint\",\"urlTemplate\":\"https:\\\/\\\/www.sarajokela.fi\\\/?s={search_term_string}\"},\"query-input\":{\"@type\":\"PropertyValueSpecification\",\"valueRequired\":true,\"valueName\":\"search_term_string\"}}],\"inLanguage\":\"fi\"}]}<\/script>\n<!-- \/ Yoast SEO plugin. -->","yoast_head_json":{"title":"Br\u00e4ndi-ilme - Sara Jokela","description":"Hyvin suunniteltu ilme v\u00e4litt\u00e4\u00e4 yrityksesi arvot, tekee br\u00e4ndist\u00e4si helposti tunnistettavan ja auttaa sinua houkuttelemaan juuri oikeita asiakkaita.","robots":{"index":"index","follow":"follow","max-snippet":"max-snippet:-1","max-image-preview":"max-image-preview:large","max-video-preview":"max-video-preview:-1"},"canonical":"https:\/\/www.sarajokela.fi\/?page_id=1911","og_locale":"fi_FI","og_type":"article","og_title":"Br\u00e4ndi-ilme - Sara Jokela","og_description":"Hyvin suunniteltu ilme v\u00e4litt\u00e4\u00e4 yrityksesi arvot, tekee br\u00e4ndist\u00e4si helposti tunnistettavan ja auttaa sinua houkuttelemaan juuri oikeita asiakkaita.","og_url":"https:\/\/www.sarajokela.fi\/?page_id=1911","og_site_name":"Sara Jokela","article_modified_time":"2026-04-13T09:41:59+00:00","og_image":[{"width":2560,"height":1920,"url":"https:\/\/www.sarajokela.fi\/wp-content\/uploads\/2026\/01\/valomainos-scaled.jpg","type":"image\/jpeg"}],"twitter_card":"summary_large_image","twitter_misc":{"Arvioitu lukuaika":"2 minuuttia"},"schema":{"@context":"https:\/\/schema.org","@graph":[{"@type":"WebPage","@id":"https:\/\/www.sarajokela.fi\/?page_id=1911","url":"https:\/\/www.sarajokela.fi\/?page_id=1911","name":"Br\u00e4ndi-ilme - Sara Jokela","isPartOf":{"@id":"https:\/\/www.sarajokela.fi\/#website"},"primaryImageOfPage":{"@id":"https:\/\/www.sarajokela.fi\/?page_id=1911#primaryimage"},"image":{"@id":"https:\/\/www.sarajokela.fi\/?page_id=1911#primaryimage"},"thumbnailUrl":"https:\/\/www.sarajokela.fi\/wp-content\/uploads\/2026\/01\/valomainos-scaled.jpg","datePublished":"2025-09-10T12:27:47+00:00","dateModified":"2026-04-13T09:41:59+00:00","description":"Hyvin suunniteltu ilme v\u00e4litt\u00e4\u00e4 yrityksesi arvot, tekee br\u00e4ndist\u00e4si helposti tunnistettavan ja auttaa sinua houkuttelemaan juuri oikeita asiakkaita.","breadcrumb":{"@id":"https:\/\/www.sarajokela.fi\/?page_id=1911#breadcrumb"},"inLanguage":"fi","potentialAction":[{"@type":"ReadAction","target":["https:\/\/www.sarajokela.fi\/?page_id=1911"]}]},{"@type":"ImageObject","inLanguage":"fi","@id":"https:\/\/www.sarajokela.fi\/?page_id=1911#primaryimage","url":"https:\/\/www.sarajokela.fi\/wp-content\/uploads\/2026\/01\/valomainos-scaled.jpg","contentUrl":"https:\/\/www.sarajokela.fi\/wp-content\/uploads\/2026\/01\/valomainos-scaled.jpg","width":2560,"height":1920},{"@type":"BreadcrumbList","@id":"https:\/\/www.sarajokela.fi\/?page_id=1911#breadcrumb","itemListElement":[{"@type":"ListItem","position":1,"name":"Etusivu","item":"https:\/\/www.sarajokela.fi\/"},{"@type":"ListItem","position":2,"name":"Br\u00e4ndi-ilme"}]},{"@type":"WebSite","@id":"https:\/\/www.sarajokela.fi\/#website","url":"https:\/\/www.sarajokela.fi\/","name":"Sara Jokela","description":"Suunnittelen ja toteutan verkkosivuja sek&auml; graafisen suunnittelun palveluita, kuten br&auml;ndi-ilmeit&auml; ja logoja.","potentialAction":[{"@type":"SearchAction","target":{"@type":"EntryPoint","urlTemplate":"https:\/\/www.sarajokela.fi\/?s={search_term_string}"},"query-input":{"@type":"PropertyValueSpecification","valueRequired":true,"valueName":"search_term_string"}}],"inLanguage":"fi"}]}},"_links":{"self":[{"href":"https:\/\/www.sarajokela.fi\/index.php?rest_route=\/wp\/v2\/pages\/1911","targetHints":{"allow":["GET"]}}],"collection":[{"href":"https:\/\/www.sarajokela.fi\/index.php?rest_route=\/wp\/v2\/pages"}],"about":[{"href":"https:\/\/www.sarajokela.fi\/index.php?rest_route=\/wp\/v2\/types\/page"}],"author":[{"embeddable":true,"href":"https:\/\/www.sarajokela.fi\/index.php?rest_route=\/wp\/v2\/users\/1"}],"replies":[{"embeddable":true,"href":"https:\/\/www.sarajokela.fi\/index.php?rest_route=%2Fwp%2Fv2%2Fcomments&post=1911"}],"version-history":[{"count":19,"href":"https:\/\/www.sarajokela.fi\/index.php?rest_route=\/wp\/v2\/pages\/1911\/revisions"}],"predecessor-version":[{"id":2995,"href":"https:\/\/www.sarajokela.fi\/index.php?rest_route=\/wp\/v2\/pages\/1911\/revisions\/2995"}],"wp:featuredmedia":[{"embeddable":true,"href":"https:\/\/www.sarajokela.fi\/index.php?rest_route=\/wp\/v2\/media\/2474"}],"wp:attachment":[{"href":"https:\/\/www.sarajokela.fi\/index.php?rest_route=%2Fwp%2Fv2%2Fmedia&parent=1911"}],"curies":[{"name":"wp","href":"https:\/\/api.w.org\/{rel}","templated":true}]}}