{"id":1947,"date":"2025-09-12T19:15:59","date_gmt":"2025-09-12T16:15:59","guid":{"rendered":"https:\/\/atomic-temporary-240383443.wpcomstaging.com\/?page_id=1947"},"modified":"2026-02-18T16:12:00","modified_gmt":"2026-02-18T16:12:00","slug":"nettisivut-3","status":"publish","type":"page","link":"https:\/\/www.sarajokela.fi\/?page_id=1947","title":{"rendered":"Nettisivut"},"content":{"rendered":"<p>[et_pb_section fb_built=&#8221;1&#8243; _builder_version=&#8221;4.27.4&#8243; _module_preset=&#8221;default&#8221; background_color=&#8221;#ffe3db&#8221; background_enable_image_phone=&#8221;off&#8221; global_colors_info=&#8221;{}&#8221;][et_pb_row custom_padding_last_edited=&#8221;on|phone&#8221; _builder_version=&#8221;4.27.4&#8243; _module_preset=&#8221;default&#8221; width=&#8221;60%&#8221; width_tablet=&#8221;60%&#8221; width_phone=&#8221;80%&#8221; width_last_edited=&#8221;on|desktop&#8221; custom_margin=&#8221;||60px||false|false&#8221; custom_margin_tablet=&#8221;0px||40px||false|false&#8221; custom_margin_phone=&#8221;0px||30px||false|false&#8221; custom_margin_last_edited=&#8221;on|phone&#8221; custom_padding=&#8221;0px||||false|false&#8221; custom_padding_tablet=&#8221;0px||||false|false&#8221; custom_padding_phone=&#8221;0px||||false|false&#8221; global_colors_info=&#8221;{}&#8221;][et_pb_column type=&#8221;4_4&#8243; _builder_version=&#8221;4.27.4&#8243; _module_preset=&#8221;default&#8221; global_colors_info=&#8221;{}&#8221;][et_pb_text content_tablet=&#8221;<\/p>\n<h1><strong>Nettisivut<\/strong><\/h1>\n<p>&#8221; content_phone=&#8221;<\/p>\n<h1><strong>Nettisivut<\/strong><\/h1>\n<p>&#8221; content_last_edited=&#8221;on|phone&#8221; _builder_version=&#8221;4.27.4&#8243; _module_preset=&#8221;default&#8221; text_font=&#8221;Poppins||||||||&#8221; text_text_color=&#8221;#E02B20&#8243; header_font=&#8221;Poppins||||||||&#8221; header_text_align=&#8221;center&#8221; header_text_color=&#8221;#232323&#8243; header_font_size=&#8221;48px&#8221; header_line_height=&#8221;1.5em&#8221; module_alignment=&#8221;center&#8221; custom_margin=&#8221;0px|0px|0px|0px|false|true&#8221; custom_margin_tablet=&#8221;0px|0px|0px|0px|false|true&#8221; custom_margin_phone=&#8221;||0px||false|false&#8221; custom_margin_last_edited=&#8221;on|phone&#8221; custom_padding=&#8221;0px|0px|0px||false|false&#8221; custom_padding_tablet=&#8221;0px|0px|0px||false|false&#8221; custom_padding_phone=&#8221;||0px||false|false&#8221; custom_padding_last_edited=&#8221;on|phone&#8221; header_font_tablet=&#8221;Poppins||||||||&#8221; header_font_phone=&#8221;Poppins|600|||||||&#8221; header_font_last_edited=&#8221;on|phone&#8221; header_font_size_tablet=&#8221;40px&#8221; header_font_size_phone=&#8221;32px&#8221; header_font_size_last_edited=&#8221;on|phone&#8221; header_line_height_tablet=&#8221;1.2em&#8221; header_line_height_phone=&#8221;1.6em&#8221; header_line_height_last_edited=&#8221;on|phone&#8221; global_colors_info=&#8221;{}&#8221;]<\/p>\n<h1><strong>Nettisivut<\/strong><\/h1>\n<p>[\/et_pb_text][et_pb_text content_tablet=&#8221;<\/p>\n<p style=%22text-align: center;%22>Suunnittelen ja toteutan nettisivuja sek\u00e4 graafisen suunnittelun palveluita, kuten br\u00e4ndi-ilmeiden ja logojen suunnittelua.<\/p>\n<p>&#8221; content_phone=&#8221;<\/p>\n<p style=%22text-align: center;%22>Laadukkaasti toteutetut verkkosivut ovat visuaalisesti houkuttelevat, tukevat liiketoiminnallisia tavoitteitasi ja ovat helposti l\u00f6ydett\u00e4v\u00e4t.<\/p>\n<p>&#8221; content_last_edited=&#8221;off|phone&#8221; _builder_version=&#8221;4.27.5&#8243; _module_preset=&#8221;default&#8221; text_font=&#8221;Roboto||||||||&#8221; text_text_color=&#8221;rgba(10,10,10,0.83)&#8221; text_font_size=&#8221;21px&#8221; text_line_height=&#8221;1.6em&#8221; width=&#8221;80%&#8221; max_width=&#8221;100%&#8221; module_alignment=&#8221;center&#8221; custom_margin=&#8221;10px|0px||0px|false|true&#8221; custom_margin_tablet=&#8221;0px|10px|0px|10px|true|true&#8221; custom_margin_phone=&#8221;0px|auto||auto|false|true&#8221; custom_margin_last_edited=&#8221;on|phone&#8221; custom_padding=&#8221;||||false|false&#8221; custom_padding_tablet=&#8221;20px||20px||true|false&#8221; custom_padding_phone=&#8221;0px||0px||false|false&#8221; custom_padding_last_edited=&#8221;on|desktop&#8221; text_font_size_tablet=&#8221;20px&#8221; text_font_size_phone=&#8221;19px&#8221; text_font_size_last_edited=&#8221;on|phone&#8221; global_colors_info=&#8221;{}&#8221; width_last_edited=&#8221;on|phone&#8221; hover_enabled=&#8221;0&#8243; sticky_enabled=&#8221;0&#8243; width_tablet=&#8221;80%&#8221; width_phone=&#8221;80%&#8221;]<\/p>\n<p style=\"text-align: center;\"><strong>Laadukkaasti toteutetut verkkosivut ovat visuaalisesti houkuttelevat, tukevat liiketoiminnallisia tavoitteitasi ja ovat helposti l\u00f6ydett\u00e4v\u00e4t.<\/strong><\/p>\n<p>[\/et_pb_text][\/et_pb_column][\/et_pb_row][\/et_pb_section][et_pb_section fb_built=&#8221;1&#8243; custom_padding_last_edited=&#8221;on|desktop&#8221; _builder_version=&#8221;4.27.4&#8243; _module_preset=&#8221;default&#8221; background_color=&#8221;#f9d6cc&#8221; background_enable_image=&#8221;off&#8221; custom_margin=&#8221;0px||0px||true|false&#8221; custom_padding=&#8221;75px||75px||true|false&#8221; custom_padding_tablet=&#8221;75px||75px||true|false&#8221; custom_padding_phone=&#8221;50px||60px||false|false&#8221; box_shadow_style=&#8221;preset1&#8243; global_colors_info=&#8221;{}&#8221;][et_pb_row custom_padding_last_edited=&#8221;on|phone&#8221; _builder_version=&#8221;4.27.4&#8243; _module_preset=&#8221;default&#8221; width=&#8221;60%&#8221; width_tablet=&#8221;60%&#8221; width_phone=&#8221;80%&#8221; width_last_edited=&#8221;on|desktop&#8221; custom_margin=&#8221;20px||20px||true|false&#8221; custom_margin_tablet=&#8221;20px||20px||true|false&#8221; custom_margin_phone=&#8221;0px||0px||true|false&#8221; custom_margin_last_edited=&#8221;on|phone&#8221; custom_padding_tablet=&#8221;&#8221; custom_padding_phone=&#8221;0px||||false|false&#8221; locked=&#8221;off&#8221; global_colors_info=&#8221;{}&#8221;][et_pb_column type=&#8221;4_4&#8243; _builder_version=&#8221;4.27.4&#8243; _module_preset=&#8221;default&#8221; global_colors_info=&#8221;{}&#8221;][et_pb_image src=&#8221;https:\/\/www.sarajokela.fi\/wp-content\/uploads\/SAHU.jpg&#8221; _builder_version=&#8221;4.27.5&#8243; _module_preset=&#8221;default&#8221; custom_margin_tablet=&#8221;&#8221; custom_margin_phone=&#8221;0px||||false|false&#8221; custom_margin_last_edited=&#8221;on|phone&#8221; custom_padding_tablet=&#8221;&#8221; custom_padding_phone=&#8221;0px||||false|false&#8221; custom_padding_last_edited=&#8221;on|phone&#8221; border_width_all=&#8221;2px&#8221; border_color_all=&#8221;#3a3a3a&#8221; global_colors_info=&#8221;{}&#8221;][\/et_pb_image][\/et_pb_column][\/et_pb_row][et_pb_row custom_padding_last_edited=&#8221;on|phone&#8221; module_id=&#8221;#graafinen&#8221; _builder_version=&#8221;4.27.4&#8243; _module_preset=&#8221;default&#8221; width=&#8221;60%&#8221; width_tablet=&#8221;60%&#8221; width_phone=&#8221;80%&#8221; width_last_edited=&#8221;on|desktop&#8221; custom_margin=&#8221;30px||30px||false|false&#8221; custom_margin_tablet=&#8221;30px||||false|false&#8221; custom_margin_phone=&#8221;0px||||false|false&#8221; custom_margin_last_edited=&#8221;on|desktop&#8221; custom_padding_tablet=&#8221;&#8221; custom_padding_phone=&#8221;||||false|false&#8221; global_colors_info=&#8221;{}&#8221;][et_pb_column type=&#8221;4_4&#8243; _builder_version=&#8221;4.27.4&#8243; _module_preset=&#8221;default&#8221; global_colors_info=&#8221;{}&#8221;][et_pb_text _builder_version=&#8221;4.27.4&#8243; _module_preset=&#8221;default&#8221; text_font=&#8221;Roboto|900|||||||&#8221; text_text_color=&#8221;#000000&#8243; text_font_size=&#8221;24px&#8221; text_line_height=&#8221;1.6em&#8221; header_3_font=&#8221;Roboto|900|||||||&#8221; header_3_text_color=&#8221;#232323&#8243; header_3_font_size=&#8221;40px&#8221; header_3_line_height=&#8221;1.4em&#8221; text_orientation=&#8221;center&#8221; custom_margin=&#8221;||10px||false|false&#8221; custom_padding=&#8221;||||false|false&#8221; header_3_font_size_tablet=&#8221;32px&#8221; header_3_font_size_phone=&#8221;32px&#8221; header_3_font_size_last_edited=&#8221;on|phone&#8221; global_colors_info=&#8221;{}&#8221;]<\/p>\n<h3 style=\"text-align: left;\">Verkkosivujen suunnittelu<\/h3>\n<p>[\/et_pb_text][et_pb_text _builder_version=&#8221;4.27.4&#8243; _module_preset=&#8221;default&#8221; text_font=&#8221;Roboto||||||||&#8221; text_text_color=&#8221;rgba(10,10,10,0.83)&#8221; text_font_size=&#8221;20px&#8221; text_line_height=&#8221;1.6em&#8221; text_orientation=&#8221;center&#8221; custom_margin=&#8221;0px||0px||false|false&#8221; custom_padding=&#8221;0px||0px||false|false&#8221; custom_padding_tablet=&#8221;60px||60px||false|false&#8221; custom_padding_phone=&#8221;20px||60px||false|false&#8221; custom_padding_last_edited=&#8221;off|desktop&#8221; text_font_size_tablet=&#8221;20px&#8221; text_font_size_phone=&#8221;18px&#8221; text_font_size_last_edited=&#8221;on|phone&#8221; global_colors_info=&#8221;{}&#8221;]<\/p>\n<p style=\"text-align: left\">Hyvin toteutetut verkkosivut kertovat yhdell\u00e4 silm\u00e4yksell\u00e4 mit\u00e4 tarjoat ja mist\u00e4 sinut tavoittaa. Ne ovat usein ensimm\u00e4inen paikka, josta asiakkaasi tutustuvat yritykseesi. Nettisivut luovat ensivaikutelman, joka voi ratkaista sen, valitseeko asiakas sinut vai kilpailijan. Selke\u00e4t, visuaalisesti miellytt\u00e4v\u00e4t ja helposti navigoitavat sivut antavat ammattimaisen ja luotettavan kuvan yrityksest\u00e4si.<\/p>\n<p style=\"text-align: left\">Hyvin suunnitellut sivut auttavat asiakkaita l\u00f6yt\u00e4m\u00e4\u00e4n tarvitsemansa tiedot vaivatta ja tekev\u00e4t heid\u00e4n p\u00e4\u00e4t\u00f6ksenteostaan helpompaa. Lis\u00e4ksi hyv\u00e4t nettisivut ovat rakennettu niin, ett\u00e4 ne l\u00f6ytyv\u00e4t helposti hakukoneista, mik\u00e4 tuo sinulle jatkuvasti uusia k\u00e4vij\u00f6it\u00e4 ja potentiaalisia asiakkaita. Laadukkaat nettisivut eiv\u00e4t siis ole pelkk\u00e4 kuluer\u00e4, vaan sijoitus, joka maksaa itsens\u00e4 takaisin n\u00e4kyvyyten\u00e4 ja myynnin kasvuna.<\/p>\n<p style=\"text-align: left\">Suunnittelen ja toteutan yrityksellesi selke\u00e4t verkkosivut, jotka ovat visuaalisesti houkuttelevat, tukevat liiketoiminnallisia tavoitteitasi ja ovat helposti l\u00f6ydett\u00e4v\u00e4t.<\/p>\n<p>[\/et_pb_text][\/et_pb_column][\/et_pb_row][et_pb_row module_id=&#8221;#graafinen&#8221; _builder_version=&#8221;4.27.4&#8243; _module_preset=&#8221;default&#8221; width=&#8221;60%&#8221; width_tablet=&#8221;60%&#8221; width_phone=&#8221;80%&#8221; width_last_edited=&#8221;on|desktop&#8221; custom_margin=&#8221;30px||30px||false|false&#8221; custom_margin_tablet=&#8221;60px||||false|false&#8221; custom_margin_phone=&#8221;0px||||false|false&#8221; custom_margin_last_edited=&#8221;on|desktop&#8221; global_colors_info=&#8221;{}&#8221;][et_pb_column type=&#8221;4_4&#8243; _builder_version=&#8221;4.27.4&#8243; _module_preset=&#8221;default&#8221; global_colors_info=&#8221;{}&#8221;][et_pb_text _builder_version=&#8221;4.27.4&#8243; _module_preset=&#8221;default&#8221; text_font=&#8221;Roboto|900|||||||&#8221; text_text_color=&#8221;#000000&#8243; text_font_size=&#8221;24px&#8221; text_line_height=&#8221;1.6em&#8221; header_3_font=&#8221;Roboto|900|||||||&#8221; header_3_text_color=&#8221;#232323&#8243; header_3_font_size=&#8221;40px&#8221; header_3_line_height=&#8221;1.4em&#8221; text_orientation=&#8221;center&#8221; custom_margin=&#8221;||10px||false|false&#8221; custom_padding=&#8221;||||false|false&#8221; header_3_font_size_tablet=&#8221;32px&#8221; header_3_font_size_phone=&#8221;32px&#8221; header_3_font_size_last_edited=&#8221;on|phone&#8221; global_colors_info=&#8221;{}&#8221;]<\/p>\n<h3 style=\"text-align: left;\">Yll\u00e4pito<\/h3>\n<p>[\/et_pb_text][et_pb_text _builder_version=&#8221;4.27.4&#8243; _module_preset=&#8221;default&#8221; text_font=&#8221;Roboto||||||||&#8221; text_text_color=&#8221;rgba(10,10,10,0.83)&#8221; text_font_size=&#8221;20px&#8221; text_line_height=&#8221;1.6em&#8221; text_orientation=&#8221;center&#8221; custom_margin=&#8221;0px||0px||false|false&#8221; custom_padding=&#8221;0px||0px||false|false&#8221; custom_padding_tablet=&#8221;60px||60px||false|false&#8221; custom_padding_phone=&#8221;20px||60px||false|false&#8221; custom_padding_last_edited=&#8221;off|desktop&#8221; text_font_size_tablet=&#8221;20px&#8221; text_font_size_phone=&#8221;18px&#8221; text_font_size_last_edited=&#8221;on|phone&#8221; global_colors_info=&#8221;{}&#8221;]<\/p>\n<p style=\"text-align: left\">Tarjoan my\u00f6s verkkosivujen yll\u00e4pitoa, joka takaa sivustosi sujuvan toimivuuden ja turvallisuuden. Huolehdin hakukoneoptimoinnista, varmuuskopioista, sivujen sis\u00e4ll\u00f6n p\u00e4ivityksist\u00e4 sek\u00e4 teknisist\u00e4 p\u00e4ivityksist\u00e4 kuten WordPress- ja lis\u00e4osien p\u00e4ivityksist\u00e4.<\/p>\n<p>[\/et_pb_text][\/et_pb_column][\/et_pb_row][\/et_pb_section]<\/p>\n","protected":false},"excerpt":{"rendered":"<p>NettisivutLaadukkaasti toteutetut verkkosivut ovat visuaalisesti houkuttelevat, tukevat liiketoiminnallisia tavoitteitasi ja ovat helposti l\u00f6ydett\u00e4v\u00e4t.Verkkosivujen suunnitteluHyvin toteutetut verkkosivut kertovat yhdell\u00e4 silm\u00e4yksell\u00e4 mit\u00e4 tarjoat ja mist\u00e4 sinut tavoittaa. Ne ovat usein ensimm\u00e4inen paikka, josta asiakkaasi tutustuvat yritykseesi. Nettisivut luovat ensivaikutelman, joka voi ratkaista sen, valitseeko asiakas sinut vai kilpailijan. Selke\u00e4t, visuaalisesti miellytt\u00e4v\u00e4t ja helposti navigoitavat sivut antavat ammattimaisen [&hellip;]<\/p>\n","protected":false},"author":1,"featured_media":2425,"parent":0,"menu_order":0,"comment_status":"closed","ping_status":"closed","template":"","meta":{"_et_pb_use_builder":"on","_et_pb_old_content":"","_et_gb_content_width":"","footnotes":""},"class_list":["post-1947","page","type-page","status-publish","has-post-thumbnail","hentry"],"yoast_head":"<!-- This site is optimized with the Yoast SEO plugin v27.4 - https:\/\/yoast.com\/product\/yoast-seo-wordpress\/ -->\n<title>Nettisivut - Sara Jokela<\/title>\n<meta name=\"description\" content=\"Laadukkaasti toteutetut verkkosivut ovat visuaalisesti houkuttelevat, tukevat liiketoiminnallisia tavoitteitasi ja ovat helposti l\u00f6ydett\u00e4v\u00e4t.\" \/>\n<meta name=\"robots\" content=\"index, follow, max-snippet:-1, max-image-preview:large, max-video-preview:-1\" \/>\n<link rel=\"canonical\" href=\"https:\/\/www.sarajokela.fi\/?page_id=1947\" \/>\n<meta property=\"og:locale\" content=\"fi_FI\" \/>\n<meta property=\"og:type\" content=\"article\" \/>\n<meta property=\"og:title\" content=\"Nettisivut - Sara Jokela\" \/>\n<meta property=\"og:description\" content=\"Laadukkaasti toteutetut verkkosivut ovat visuaalisesti houkuttelevat, tukevat liiketoiminnallisia tavoitteitasi ja ovat helposti l\u00f6ydett\u00e4v\u00e4t.\" \/>\n<meta property=\"og:url\" content=\"https:\/\/www.sarajokela.fi\/?page_id=1947\" \/>\n<meta property=\"og:site_name\" content=\"Sara Jokela\" \/>\n<meta property=\"article:modified_time\" content=\"2026-02-18T16:12:00+00:00\" \/>\n<meta property=\"og:image\" content=\"https:\/\/www.sarajokela.fi\/wp-content\/uploads\/2026\/01\/Verkkosivut.jpg\" \/>\n\t<meta property=\"og:image:width\" content=\"2048\" \/>\n\t<meta property=\"og:image:height\" content=\"1638\" \/>\n\t<meta property=\"og:image:type\" content=\"image\/jpeg\" \/>\n<meta name=\"twitter:card\" content=\"summary_large_image\" \/>\n<meta name=\"twitter:label1\" content=\"Arvioitu lukuaika\" \/>\n\t<meta name=\"twitter:data1\" content=\"2 minuuttia\" \/>\n<script type=\"application\/ld+json\" class=\"yoast-schema-graph\">{\"@context\":\"https:\\\/\\\/schema.org\",\"@graph\":[{\"@type\":\"WebPage\",\"@id\":\"https:\\\/\\\/www.sarajokela.fi\\\/?page_id=1947\",\"url\":\"https:\\\/\\\/www.sarajokela.fi\\\/?page_id=1947\",\"name\":\"Nettisivut - Sara Jokela\",\"isPartOf\":{\"@id\":\"https:\\\/\\\/www.sarajokela.fi\\\/#website\"},\"primaryImageOfPage\":{\"@id\":\"https:\\\/\\\/www.sarajokela.fi\\\/?page_id=1947#primaryimage\"},\"image\":{\"@id\":\"https:\\\/\\\/www.sarajokela.fi\\\/?page_id=1947#primaryimage\"},\"thumbnailUrl\":\"https:\\\/\\\/www.sarajokela.fi\\\/wp-content\\\/uploads\\\/2026\\\/01\\\/Verkkosivut.jpg\",\"datePublished\":\"2025-09-12T16:15:59+00:00\",\"dateModified\":\"2026-02-18T16:12:00+00:00\",\"description\":\"Laadukkaasti toteutetut verkkosivut ovat visuaalisesti houkuttelevat, tukevat liiketoiminnallisia tavoitteitasi ja ovat helposti l\u00f6ydett\u00e4v\u00e4t.\",\"breadcrumb\":{\"@id\":\"https:\\\/\\\/www.sarajokela.fi\\\/?page_id=1947#breadcrumb\"},\"inLanguage\":\"fi\",\"potentialAction\":[{\"@type\":\"ReadAction\",\"target\":[\"https:\\\/\\\/www.sarajokela.fi\\\/?page_id=1947\"]}]},{\"@type\":\"ImageObject\",\"inLanguage\":\"fi\",\"@id\":\"https:\\\/\\\/www.sarajokela.fi\\\/?page_id=1947#primaryimage\",\"url\":\"https:\\\/\\\/www.sarajokela.fi\\\/wp-content\\\/uploads\\\/2026\\\/01\\\/Verkkosivut.jpg\",\"contentUrl\":\"https:\\\/\\\/www.sarajokela.fi\\\/wp-content\\\/uploads\\\/2026\\\/01\\\/Verkkosivut.jpg\",\"width\":2048,\"height\":1638},{\"@type\":\"BreadcrumbList\",\"@id\":\"https:\\\/\\\/www.sarajokela.fi\\\/?page_id=1947#breadcrumb\",\"itemListElement\":[{\"@type\":\"ListItem\",\"position\":1,\"name\":\"Etusivu\",\"item\":\"https:\\\/\\\/www.sarajokela.fi\\\/\"},{\"@type\":\"ListItem\",\"position\":2,\"name\":\"Nettisivut\"}]},{\"@type\":\"WebSite\",\"@id\":\"https:\\\/\\\/www.sarajokela.fi\\\/#website\",\"url\":\"https:\\\/\\\/www.sarajokela.fi\\\/\",\"name\":\"Sara Jokela\",\"description\":\"Suunnittelen ja toteutan verkkosivuja sek&auml; graafisen suunnittelun palveluita, kuten br&auml;ndi-ilmeit&auml; ja logoja.\",\"potentialAction\":[{\"@type\":\"SearchAction\",\"target\":{\"@type\":\"EntryPoint\",\"urlTemplate\":\"https:\\\/\\\/www.sarajokela.fi\\\/?s={search_term_string}\"},\"query-input\":{\"@type\":\"PropertyValueSpecification\",\"valueRequired\":true,\"valueName\":\"search_term_string\"}}],\"inLanguage\":\"fi\"}]}<\/script>\n<!-- \/ Yoast SEO plugin. -->","yoast_head_json":{"title":"Nettisivut - Sara Jokela","description":"Laadukkaasti toteutetut verkkosivut ovat visuaalisesti houkuttelevat, tukevat liiketoiminnallisia tavoitteitasi ja ovat helposti l\u00f6ydett\u00e4v\u00e4t.","robots":{"index":"index","follow":"follow","max-snippet":"max-snippet:-1","max-image-preview":"max-image-preview:large","max-video-preview":"max-video-preview:-1"},"canonical":"https:\/\/www.sarajokela.fi\/?page_id=1947","og_locale":"fi_FI","og_type":"article","og_title":"Nettisivut - Sara Jokela","og_description":"Laadukkaasti toteutetut verkkosivut ovat visuaalisesti houkuttelevat, tukevat liiketoiminnallisia tavoitteitasi ja ovat helposti l\u00f6ydett\u00e4v\u00e4t.","og_url":"https:\/\/www.sarajokela.fi\/?page_id=1947","og_site_name":"Sara Jokela","article_modified_time":"2026-02-18T16:12:00+00:00","og_image":[{"width":2048,"height":1638,"url":"https:\/\/www.sarajokela.fi\/wp-content\/uploads\/2026\/01\/Verkkosivut.jpg","type":"image\/jpeg"}],"twitter_card":"summary_large_image","twitter_misc":{"Arvioitu lukuaika":"2 minuuttia"},"schema":{"@context":"https:\/\/schema.org","@graph":[{"@type":"WebPage","@id":"https:\/\/www.sarajokela.fi\/?page_id=1947","url":"https:\/\/www.sarajokela.fi\/?page_id=1947","name":"Nettisivut - Sara Jokela","isPartOf":{"@id":"https:\/\/www.sarajokela.fi\/#website"},"primaryImageOfPage":{"@id":"https:\/\/www.sarajokela.fi\/?page_id=1947#primaryimage"},"image":{"@id":"https:\/\/www.sarajokela.fi\/?page_id=1947#primaryimage"},"thumbnailUrl":"https:\/\/www.sarajokela.fi\/wp-content\/uploads\/2026\/01\/Verkkosivut.jpg","datePublished":"2025-09-12T16:15:59+00:00","dateModified":"2026-02-18T16:12:00+00:00","description":"Laadukkaasti toteutetut verkkosivut ovat visuaalisesti houkuttelevat, tukevat liiketoiminnallisia tavoitteitasi ja ovat helposti l\u00f6ydett\u00e4v\u00e4t.","breadcrumb":{"@id":"https:\/\/www.sarajokela.fi\/?page_id=1947#breadcrumb"},"inLanguage":"fi","potentialAction":[{"@type":"ReadAction","target":["https:\/\/www.sarajokela.fi\/?page_id=1947"]}]},{"@type":"ImageObject","inLanguage":"fi","@id":"https:\/\/www.sarajokela.fi\/?page_id=1947#primaryimage","url":"https:\/\/www.sarajokela.fi\/wp-content\/uploads\/2026\/01\/Verkkosivut.jpg","contentUrl":"https:\/\/www.sarajokela.fi\/wp-content\/uploads\/2026\/01\/Verkkosivut.jpg","width":2048,"height":1638},{"@type":"BreadcrumbList","@id":"https:\/\/www.sarajokela.fi\/?page_id=1947#breadcrumb","itemListElement":[{"@type":"ListItem","position":1,"name":"Etusivu","item":"https:\/\/www.sarajokela.fi\/"},{"@type":"ListItem","position":2,"name":"Nettisivut"}]},{"@type":"WebSite","@id":"https:\/\/www.sarajokela.fi\/#website","url":"https:\/\/www.sarajokela.fi\/","name":"Sara Jokela","description":"Suunnittelen ja toteutan verkkosivuja sek&auml; graafisen suunnittelun palveluita, kuten br&auml;ndi-ilmeit&auml; ja logoja.","potentialAction":[{"@type":"SearchAction","target":{"@type":"EntryPoint","urlTemplate":"https:\/\/www.sarajokela.fi\/?s={search_term_string}"},"query-input":{"@type":"PropertyValueSpecification","valueRequired":true,"valueName":"search_term_string"}}],"inLanguage":"fi"}]}},"_links":{"self":[{"href":"https:\/\/www.sarajokela.fi\/index.php?rest_route=\/wp\/v2\/pages\/1947","targetHints":{"allow":["GET"]}}],"collection":[{"href":"https:\/\/www.sarajokela.fi\/index.php?rest_route=\/wp\/v2\/pages"}],"about":[{"href":"https:\/\/www.sarajokela.fi\/index.php?rest_route=\/wp\/v2\/types\/page"}],"author":[{"embeddable":true,"href":"https:\/\/www.sarajokela.fi\/index.php?rest_route=\/wp\/v2\/users\/1"}],"replies":[{"embeddable":true,"href":"https:\/\/www.sarajokela.fi\/index.php?rest_route=%2Fwp%2Fv2%2Fcomments&post=1947"}],"version-history":[{"count":23,"href":"https:\/\/www.sarajokela.fi\/index.php?rest_route=\/wp\/v2\/pages\/1947\/revisions"}],"predecessor-version":[{"id":3170,"href":"https:\/\/www.sarajokela.fi\/index.php?rest_route=\/wp\/v2\/pages\/1947\/revisions\/3170"}],"wp:featuredmedia":[{"embeddable":true,"href":"https:\/\/www.sarajokela.fi\/index.php?rest_route=\/wp\/v2\/media\/2425"}],"wp:attachment":[{"href":"https:\/\/www.sarajokela.fi\/index.php?rest_route=%2Fwp%2Fv2%2Fmedia&parent=1947"}],"curies":[{"name":"wp","href":"https:\/\/api.w.org\/{rel}","templated":true}]}}