{"id":3031,"date":"2026-01-27T04:15:05","date_gmt":"2026-01-27T04:15:05","guid":{"rendered":"http:\/\/www.sarajokela.fi\/?page_id=3031"},"modified":"2026-04-07T11:43:24","modified_gmt":"2026-04-07T11:43:24","slug":"sahu","status":"publish","type":"page","link":"https:\/\/www.sarajokela.fi\/?page_id=3031","title":{"rendered":"Sahu"},"content":{"rendered":"<p>[et_pb_section fb_built=&#8221;1&#8243; _builder_version=&#8221;4.27.5&#8243; _module_preset=&#8221;default&#8221; background_color=&#8221;#ffe3db&#8221; global_colors_info=&#8221;{}&#8221;][et_pb_row custom_padding_last_edited=&#8221;on|phone&#8221; _builder_version=&#8221;4.27.5&#8243; _module_preset=&#8221;default&#8221; custom_margin=&#8221;0px||0px||false|false&#8221; custom_padding=&#8221;0px||10px||false|false&#8221; custom_padding_tablet=&#8221;0px||10px||false|false&#8221; custom_padding_phone=&#8221;0px||10px||false|false&#8221; hover_enabled=&#8221;0&#8243; global_colors_info=&#8221;{}&#8221; sticky_enabled=&#8221;0&#8243;][et_pb_column type=&#8221;4_4&#8243; _builder_version=&#8221;4.27.5&#8243; _module_preset=&#8221;default&#8221; global_colors_info=&#8221;{}&#8221;][et_pb_image src=&#8221;https:\/\/www.sarajokela.fi\/wp-content\/uploads\/SAHU.jpg&#8221; title_text=&#8221;SAHU&#8221; admin_label=&#8221;Kuva&#8221; _builder_version=&#8221;4.27.6&#8243; _module_preset=&#8221;default&#8221; custom_margin=&#8221;0px||0px||false|false&#8221; custom_padding=&#8221;0px||11px||false|false&#8221; hover_enabled=&#8221;0&#8243; global_colors_info=&#8221;{}&#8221; sticky_enabled=&#8221;0&#8243;][\/et_pb_image][et_pb_image src=&#8221;https:\/\/www.sarajokela.fi\/wp-content\/uploads\/Mockup-sahu-iphone-scaled.jpg&#8221; _builder_version=&#8221;4.27.6&#8243; _module_preset=&#8221;default&#8221; hover_enabled=&#8221;0&#8243; sticky_enabled=&#8221;0&#8243; custom_padding=&#8221;0px||11px||false|false&#8221; custom_margin=&#8221;0px||0px||false|false&#8221;][\/et_pb_image][et_pb_image src=&#8221;https:\/\/www.sarajokela.fi\/wp-content\/uploads\/Sahu-laptop.jpg&#8221; _builder_version=&#8221;4.27.6&#8243; _module_preset=&#8221;default&#8221; hover_enabled=&#8221;0&#8243; sticky_enabled=&#8221;0&#8243; custom_margin=&#8221;0px||||false|false&#8221; custom_padding=&#8221;0px||11px||false|false&#8221;][\/et_pb_image][\/et_pb_column][\/et_pb_row][et_pb_row custom_padding_last_edited=&#8221;on|phone&#8221; _builder_version=&#8221;4.27.6&#8243; _module_preset=&#8221;default&#8221; custom_margin=&#8221;30px||60px||false|false&#8221; custom_margin_tablet=&#8221;10px||60px||false|false&#8221; custom_margin_phone=&#8221;10px||0px||false|false&#8221; custom_margin_last_edited=&#8221;on|desktop&#8221; custom_padding=&#8221;0px||||false|false&#8221; custom_padding_tablet=&#8221;&#8221; custom_padding_phone=&#8221;0px||||false|false&#8221; hover_enabled=&#8221;0&#8243; locked=&#8221;off&#8221; global_colors_info=&#8221;{}&#8221; sticky_enabled=&#8221;0&#8243;][et_pb_column type=&#8221;4_4&#8243; _builder_version=&#8221;4.27.4&#8243; _module_preset=&#8221;default&#8221; global_colors_info=&#8221;{}&#8221;][et_pb_text _builder_version=&#8221;4.27.5&#8243; _module_preset=&#8221;default&#8221; text_font=&#8221;Roboto||||||||&#8221; text_text_color=&#8221;#000000&#8243; text_font_size=&#8221;20px&#8221; text_line_height=&#8221;1.6em&#8221; text_orientation=&#8221;center&#8221; custom_margin_tablet=&#8221;&#8221; custom_margin_phone=&#8221;0px||||false|false&#8221; custom_margin_last_edited=&#8221;on|phone&#8221; custom_padding=&#8221;||||false|false&#8221; custom_padding_tablet=&#8221;0px||0px||true|false&#8221; custom_padding_phone=&#8221;0px||0px||false|false&#8221; custom_padding_last_edited=&#8221;on|phone&#8221; text_font_size_tablet=&#8221;20px&#8221; text_font_size_phone=&#8221;18px&#8221; text_font_size_last_edited=&#8221;on|phone&#8221; global_colors_info=&#8221;{}&#8221;]<\/p>\n<p class=\"p1\" style=\"text-align: left;\">Suunnittelin ja toteutin verkkosivut s\u00e4hk\u00f6salan yritykselle. Toiveissa oli siistit, selke\u00e4t sivut ja lopputulos vastasi odotuksia.<\/p>\n<p>[\/et_pb_text][et_pb_button button_url=&#8221;https:\/\/www.sahu.fi\/&#8221; button_text=&#8221;www.sahu.fi&#8221; button_alignment=&#8221;left&#8221; button_alignment_tablet=&#8221;&#8221; button_alignment_phone=&#8221;left&#8221; button_alignment_last_edited=&#8221;on|phone&#8221; disabled_on=&#8221;off|off|off&#8221; _builder_version=&#8221;4.27.5&#8243; _module_preset=&#8221;default&#8221; custom_button=&#8221;on&#8221; button_text_size=&#8221;23px&#8221; button_text_color=&#8221;#000000&#8243; button_bg_color=&#8221;rgba(255,255,255,0)&#8221; button_border_width=&#8221;2px&#8221; button_border_color=&#8221;#000000&#8243; button_border_radius=&#8221;100px&#8221; button_font=&#8221;Poppins|600|||||||&#8221; custom_margin=&#8221;60px|0px||0px|false|false&#8221; custom_margin_tablet=&#8221;60px|0px||0px|false|false&#8221; custom_margin_phone=&#8221;15px||||false|false&#8221; custom_margin_last_edited=&#8221;on|phone&#8221; custom_padding=&#8221;12px|42px|12px|42px|true|true&#8221; hover_transition_duration=&#8221;100ms&#8221; button_text_size_tablet=&#8221;25px&#8221; button_text_size_phone=&#8221;17px&#8221; button_text_size_last_edited=&#8221;on|phone&#8221; hover_transition_duration_tablet=&#8221;100ms&#8221; hover_transition_duration_phone=&#8221;150ms&#8221; hover_transition_duration_last_edited=&#8221;on|phone&#8221; locked=&#8221;off&#8221; global_colors_info=&#8221;{}&#8221; button_text_color__hover_enabled=&#8221;off|hover&#8221; button_bg_color__hover_enabled=&#8221;off|desktop&#8221;][\/et_pb_button][\/et_pb_column][\/et_pb_row][\/et_pb_section]<\/p>\n","protected":false},"excerpt":{"rendered":"<p>Suunnittelin ja toteutin verkkosivut s\u00e4hk\u00f6salan yritykselle. Toiveissa oli siistit, selke\u00e4t sivut ja lopputulos vastasi odotuksia.<\/p>\n","protected":false},"author":1,"featured_media":0,"parent":0,"menu_order":0,"comment_status":"closed","ping_status":"closed","template":"","meta":{"_et_pb_use_builder":"on","_et_pb_old_content":"","_et_gb_content_width":"","footnotes":""},"class_list":["post-3031","page","type-page","status-publish","hentry"],"yoast_head":"<!-- This site is optimized with the Yoast SEO plugin v27.4 - https:\/\/yoast.com\/product\/yoast-seo-wordpress\/ -->\n<title>Sahu - Sara Jokela<\/title>\n<meta name=\"robots\" content=\"index, follow, max-snippet:-1, max-image-preview:large, max-video-preview:-1\" \/>\n<link rel=\"canonical\" href=\"https:\/\/www.sarajokela.fi\/?page_id=3031\" \/>\n<meta property=\"og:locale\" content=\"fi_FI\" \/>\n<meta property=\"og:type\" content=\"article\" \/>\n<meta property=\"og:title\" content=\"Sahu - Sara Jokela\" \/>\n<meta property=\"og:description\" content=\"Suunnittelin ja toteutin verkkosivut s\u00e4hk\u00f6salan yritykselle. Toiveissa oli siistit, selke\u00e4t sivut ja lopputulos vastasi odotuksia.\" \/>\n<meta property=\"og:url\" content=\"https:\/\/www.sarajokela.fi\/?page_id=3031\" \/>\n<meta property=\"og:site_name\" content=\"Sara Jokela\" \/>\n<meta property=\"article:modified_time\" content=\"2026-04-07T11:43:24+00:00\" \/>\n<meta name=\"twitter:card\" content=\"summary_large_image\" \/>\n<script type=\"application\/ld+json\" class=\"yoast-schema-graph\">{\"@context\":\"https:\\\/\\\/schema.org\",\"@graph\":[{\"@type\":\"WebPage\",\"@id\":\"https:\\\/\\\/www.sarajokela.fi\\\/?page_id=3031\",\"url\":\"https:\\\/\\\/www.sarajokela.fi\\\/?page_id=3031\",\"name\":\"Sahu - Sara Jokela\",\"isPartOf\":{\"@id\":\"https:\\\/\\\/www.sarajokela.fi\\\/#website\"},\"datePublished\":\"2026-01-27T04:15:05+00:00\",\"dateModified\":\"2026-04-07T11:43:24+00:00\",\"breadcrumb\":{\"@id\":\"https:\\\/\\\/www.sarajokela.fi\\\/?page_id=3031#breadcrumb\"},\"inLanguage\":\"fi\",\"potentialAction\":[{\"@type\":\"ReadAction\",\"target\":[\"https:\\\/\\\/www.sarajokela.fi\\\/?page_id=3031\"]}]},{\"@type\":\"BreadcrumbList\",\"@id\":\"https:\\\/\\\/www.sarajokela.fi\\\/?page_id=3031#breadcrumb\",\"itemListElement\":[{\"@type\":\"ListItem\",\"position\":1,\"name\":\"Etusivu\",\"item\":\"https:\\\/\\\/www.sarajokela.fi\\\/\"},{\"@type\":\"ListItem\",\"position\":2,\"name\":\"Sahu\"}]},{\"@type\":\"WebSite\",\"@id\":\"https:\\\/\\\/www.sarajokela.fi\\\/#website\",\"url\":\"https:\\\/\\\/www.sarajokela.fi\\\/\",\"name\":\"Sara Jokela\",\"description\":\"Suunnittelen ja toteutan verkkosivuja sek&auml; graafisen suunnittelun palveluita, kuten br&auml;ndi-ilmeit&auml; ja logoja.\",\"potentialAction\":[{\"@type\":\"SearchAction\",\"target\":{\"@type\":\"EntryPoint\",\"urlTemplate\":\"https:\\\/\\\/www.sarajokela.fi\\\/?s={search_term_string}\"},\"query-input\":{\"@type\":\"PropertyValueSpecification\",\"valueRequired\":true,\"valueName\":\"search_term_string\"}}],\"inLanguage\":\"fi\"}]}<\/script>\n<!-- \/ Yoast SEO plugin. -->","yoast_head_json":{"title":"Sahu - Sara Jokela","robots":{"index":"index","follow":"follow","max-snippet":"max-snippet:-1","max-image-preview":"max-image-preview:large","max-video-preview":"max-video-preview:-1"},"canonical":"https:\/\/www.sarajokela.fi\/?page_id=3031","og_locale":"fi_FI","og_type":"article","og_title":"Sahu - Sara Jokela","og_description":"Suunnittelin ja toteutin verkkosivut s\u00e4hk\u00f6salan yritykselle. Toiveissa oli siistit, selke\u00e4t sivut ja lopputulos vastasi odotuksia.","og_url":"https:\/\/www.sarajokela.fi\/?page_id=3031","og_site_name":"Sara Jokela","article_modified_time":"2026-04-07T11:43:24+00:00","twitter_card":"summary_large_image","schema":{"@context":"https:\/\/schema.org","@graph":[{"@type":"WebPage","@id":"https:\/\/www.sarajokela.fi\/?page_id=3031","url":"https:\/\/www.sarajokela.fi\/?page_id=3031","name":"Sahu - Sara Jokela","isPartOf":{"@id":"https:\/\/www.sarajokela.fi\/#website"},"datePublished":"2026-01-27T04:15:05+00:00","dateModified":"2026-04-07T11:43:24+00:00","breadcrumb":{"@id":"https:\/\/www.sarajokela.fi\/?page_id=3031#breadcrumb"},"inLanguage":"fi","potentialAction":[{"@type":"ReadAction","target":["https:\/\/www.sarajokela.fi\/?page_id=3031"]}]},{"@type":"BreadcrumbList","@id":"https:\/\/www.sarajokela.fi\/?page_id=3031#breadcrumb","itemListElement":[{"@type":"ListItem","position":1,"name":"Etusivu","item":"https:\/\/www.sarajokela.fi\/"},{"@type":"ListItem","position":2,"name":"Sahu"}]},{"@type":"WebSite","@id":"https:\/\/www.sarajokela.fi\/#website","url":"https:\/\/www.sarajokela.fi\/","name":"Sara Jokela","description":"Suunnittelen ja toteutan verkkosivuja sek&auml; graafisen suunnittelun palveluita, kuten br&auml;ndi-ilmeit&auml; ja logoja.","potentialAction":[{"@type":"SearchAction","target":{"@type":"EntryPoint","urlTemplate":"https:\/\/www.sarajokela.fi\/?s={search_term_string}"},"query-input":{"@type":"PropertyValueSpecification","valueRequired":true,"valueName":"search_term_string"}}],"inLanguage":"fi"}]}},"_links":{"self":[{"href":"https:\/\/www.sarajokela.fi\/index.php?rest_route=\/wp\/v2\/pages\/3031","targetHints":{"allow":["GET"]}}],"collection":[{"href":"https:\/\/www.sarajokela.fi\/index.php?rest_route=\/wp\/v2\/pages"}],"about":[{"href":"https:\/\/www.sarajokela.fi\/index.php?rest_route=\/wp\/v2\/types\/page"}],"author":[{"embeddable":true,"href":"https:\/\/www.sarajokela.fi\/index.php?rest_route=\/wp\/v2\/users\/1"}],"replies":[{"embeddable":true,"href":"https:\/\/www.sarajokela.fi\/index.php?rest_route=%2Fwp%2Fv2%2Fcomments&post=3031"}],"version-history":[{"count":36,"href":"https:\/\/www.sarajokela.fi\/index.php?rest_route=\/wp\/v2\/pages\/3031\/revisions"}],"predecessor-version":[{"id":3197,"href":"https:\/\/www.sarajokela.fi\/index.php?rest_route=\/wp\/v2\/pages\/3031\/revisions\/3197"}],"wp:attachment":[{"href":"https:\/\/www.sarajokela.fi\/index.php?rest_route=%2Fwp%2Fv2%2Fmedia&parent=3031"}],"curies":[{"name":"wp","href":"https:\/\/api.w.org\/{rel}","templated":true}]}}