{"id":367,"date":"2025-04-03T19:24:00","date_gmt":"2025-04-03T16:24:00","guid":{"rendered":"https:\/\/atomic-temporary-240383443.wpcomstaging.com\/?page_id=367"},"modified":"2026-02-18T15:46:56","modified_gmt":"2026-02-18T15:46:56","slug":"sargos","status":"publish","type":"page","link":"https:\/\/www.sarajokela.fi\/?page_id=367","title":{"rendered":"Sargos"},"content":{"rendered":"<p>[et_pb_section fb_built=&#8221;1&#8243; _builder_version=&#8221;4.27.5&#8243; _module_preset=&#8221;default&#8221; background_color=&#8221;#ffe3db&#8221; background_enable_image=&#8221;off&#8221; custom_margin=&#8221;0px||||false|false&#8221; custom_padding=&#8221;0px||||false|false&#8221; global_colors_info=&#8221;{}&#8221;][et_pb_row custom_padding_last_edited=&#8221;on|phone&#8221; _builder_version=&#8221;4.27.5&#8243; _module_preset=&#8221;default&#8221; custom_margin=&#8221;30px||0px||false|false&#8221; custom_margin_tablet=&#8221;30px||0px||false|false&#8221; custom_margin_phone=&#8221;0px||0px||false|false&#8221; custom_margin_last_edited=&#8221;on|phone&#8221; custom_padding=&#8221;||10px||false|false&#8221; custom_padding_tablet=&#8221;||10px||false|false&#8221; custom_padding_phone=&#8221;0px||10px||false|false&#8221; locked=&#8221;off&#8221; global_colors_info=&#8221;{}&#8221;][et_pb_column type=&#8221;4_4&#8243; _builder_version=&#8221;4.27.4&#8243; _module_preset=&#8221;default&#8221; global_colors_info=&#8221;{}&#8221;][et_pb_image src=&#8221;https:\/\/www.sarajokela.fi\/wp-content\/uploads\/2026\/01\/Sargos-mockup-kopio-scaled.jpg&#8221; _builder_version=&#8221;4.27.5&#8243; _module_preset=&#8221;default&#8221; hover_enabled=&#8221;0&#8243; global_colors_info=&#8221;{}&#8221; custom_padding_last_edited=&#8221;on|phone&#8221; custom_margin=&#8221;0px||0px||false|false&#8221; custom_padding_phone=&#8221;0px||10px||false|false&#8221; sticky_enabled=&#8221;0&#8243;][\/et_pb_image][et_pb_image src=&#8221;https:\/\/www.sarajokela.fi\/wp-content\/uploads\/2026\/01\/iphone-sargos-scaled.jpg&#8221; _builder_version=&#8221;4.27.5&#8243; _module_preset=&#8221;default&#8221; hover_enabled=&#8221;0&#8243; global_colors_info=&#8221;{}&#8221; custom_margin=&#8221;0px||0px||false|false&#8221; custom_padding=&#8221;0px||10px||false|false&#8221; sticky_enabled=&#8221;0&#8243;][\/et_pb_image][et_pb_image src=&#8221;https:\/\/www.sarajokela.fi\/wp-content\/uploads\/2026\/01\/2-scaled.jpg&#8221; _builder_version=&#8221;4.27.5&#8243; _module_preset=&#8221;default&#8221; hover_enabled=&#8221;0&#8243; global_colors_info=&#8221;{}&#8221; custom_margin=&#8221;0px||0px||false|false&#8221; custom_padding=&#8221;0px||10px||false|false&#8221; sticky_enabled=&#8221;0&#8243;][\/et_pb_image][\/et_pb_column][\/et_pb_row][et_pb_row custom_padding_last_edited=&#8221;on|phone&#8221; _builder_version=&#8221;4.27.5&#8243; _module_preset=&#8221;default&#8221; custom_margin=&#8221;10px||60px||false|false&#8221; custom_margin_tablet=&#8221;10px||60px||false|false&#8221; custom_margin_phone=&#8221;||0px||false|false&#8221; custom_margin_last_edited=&#8221;on|desktop&#8221; custom_padding_tablet=&#8221;&#8221; custom_padding_phone=&#8221;10px||||false|false&#8221; hover_enabled=&#8221;0&#8243; global_colors_info=&#8221;{}&#8221; sticky_enabled=&#8221;0&#8243;][et_pb_column type=&#8221;4_4&#8243; _builder_version=&#8221;4.27.4&#8243; _module_preset=&#8221;default&#8221; global_colors_info=&#8221;{}&#8221;][et_pb_text _builder_version=&#8221;4.27.5&#8243; _module_preset=&#8221;default&#8221; text_font=&#8221;Roboto||||||||&#8221; text_text_color=&#8221;#000000&#8243; text_font_size=&#8221;20px&#8221; text_line_height=&#8221;1.6em&#8221; text_orientation=&#8221;center&#8221; custom_margin_tablet=&#8221;&#8221; custom_margin_phone=&#8221;0px||||false|false&#8221; custom_margin_last_edited=&#8221;on|phone&#8221; custom_padding=&#8221;||||false|false&#8221; custom_padding_tablet=&#8221;0px||0px||true|false&#8221; custom_padding_phone=&#8221;0px||0px||false|false&#8221; custom_padding_last_edited=&#8221;on|phone&#8221; hover_enabled=&#8221;0&#8243; text_font_size_tablet=&#8221;20px&#8221; text_font_size_phone=&#8221;18px&#8221; text_font_size_last_edited=&#8221;on|phone&#8221; global_colors_info=&#8221;{}&#8221; sticky_enabled=&#8221;0&#8243;]<\/p>\n<p style=\"text-align: left;\">Suunnittelin ja toteutin verkkosivut rakennusalan yritykselle. Toiveissa oli selke\u00e4t, simppelit sivut sek\u00e4 tummanvihre\u00e4 ja valkoinen k\u00e4ytett\u00e4viksi v\u00e4reiksi.<\/p>\n<p>[\/et_pb_text][et_pb_button button_url=&#8221;https:\/\/www.sargos.fi\/&#8221; button_text=&#8221;www.sargos.fi&#8221; button_alignment=&#8221;left&#8221; button_alignment_tablet=&#8221;&#8221; button_alignment_phone=&#8221;left&#8221; button_alignment_last_edited=&#8221;on|phone&#8221; disabled_on=&#8221;off|off|off&#8221; _builder_version=&#8221;4.27.5&#8243; _module_preset=&#8221;default&#8221; custom_button=&#8221;on&#8221; button_text_size=&#8221;23px&#8221; button_text_color=&#8221;#000000&#8243; button_bg_color=&#8221;rgba(255,255,255,0)&#8221; button_border_width=&#8221;2px&#8221; button_border_color=&#8221;#000000&#8243; button_border_radius=&#8221;100px&#8221; button_font=&#8221;Poppins|600|||||||&#8221; custom_margin=&#8221;60px|0px||0px|false|false&#8221; custom_margin_tablet=&#8221;60px|0px||0px|false|false&#8221; custom_margin_phone=&#8221;15px||||false|false&#8221; custom_margin_last_edited=&#8221;on|phone&#8221; custom_padding=&#8221;12px|42px|12px|42px|true|true&#8221; hover_transition_duration=&#8221;100ms&#8221; hover_enabled=&#8221;0&#8243; button_text_size_tablet=&#8221;25px&#8221; button_text_size_phone=&#8221;17px&#8221; button_text_size_last_edited=&#8221;on|phone&#8221; hover_transition_duration_tablet=&#8221;100ms&#8221; hover_transition_duration_phone=&#8221;150ms&#8221; hover_transition_duration_last_edited=&#8221;on|phone&#8221; locked=&#8221;off&#8221; global_colors_info=&#8221;{}&#8221; button_text_color__hover_enabled=&#8221;off|hover&#8221; button_bg_color__hover_enabled=&#8221;off|desktop&#8221; sticky_enabled=&#8221;0&#8243;][\/et_pb_button][\/et_pb_column][\/et_pb_row][\/et_pb_section]<\/p>\n","protected":false},"excerpt":{"rendered":"<p>Suunnittelin ja toteutin verkkosivut rakennusalan yritykselle. Toiveissa oli selke\u00e4t, simppelit sivut sek\u00e4 tummanvihre\u00e4 ja valkoinen k\u00e4ytett\u00e4viksi v\u00e4reiksi.<\/p>\n","protected":false},"author":1,"featured_media":0,"parent":0,"menu_order":0,"comment_status":"closed","ping_status":"closed","template":"","meta":{"_et_pb_use_builder":"on","_et_pb_old_content":"","_et_gb_content_width":"","footnotes":""},"class_list":["post-367","page","type-page","status-publish","hentry"],"yoast_head":"<!-- This site is optimized with the Yoast SEO plugin v27.4 - https:\/\/yoast.com\/product\/yoast-seo-wordpress\/ -->\n<title>Sargos - Sara Jokela<\/title>\n<meta name=\"robots\" content=\"index, follow, max-snippet:-1, max-image-preview:large, max-video-preview:-1\" \/>\n<link rel=\"canonical\" href=\"https:\/\/www.sarajokela.fi\/?page_id=367\" \/>\n<meta property=\"og:locale\" content=\"fi_FI\" \/>\n<meta property=\"og:type\" content=\"article\" \/>\n<meta property=\"og:title\" content=\"Sargos - Sara Jokela\" \/>\n<meta property=\"og:description\" content=\"Suunnittelin ja toteutin verkkosivut rakennusalan yritykselle. Toiveissa oli selke\u00e4t, simppelit sivut sek\u00e4 tummanvihre\u00e4 ja valkoinen k\u00e4ytett\u00e4viksi v\u00e4reiksi.\" \/>\n<meta property=\"og:url\" content=\"https:\/\/www.sarajokela.fi\/?page_id=367\" \/>\n<meta property=\"og:site_name\" content=\"Sara Jokela\" \/>\n<meta property=\"article:modified_time\" content=\"2026-02-18T15:46:56+00:00\" \/>\n<meta name=\"twitter:card\" content=\"summary_large_image\" \/>\n<meta name=\"twitter:label1\" content=\"Arvioitu lukuaika\" \/>\n\t<meta name=\"twitter:data1\" content=\"1 minuutti\" \/>\n<script type=\"application\/ld+json\" class=\"yoast-schema-graph\">{\"@context\":\"https:\\\/\\\/schema.org\",\"@graph\":[{\"@type\":\"WebPage\",\"@id\":\"https:\\\/\\\/www.sarajokela.fi\\\/?page_id=367\",\"url\":\"https:\\\/\\\/www.sarajokela.fi\\\/?page_id=367\",\"name\":\"Sargos - Sara Jokela\",\"isPartOf\":{\"@id\":\"https:\\\/\\\/www.sarajokela.fi\\\/#website\"},\"datePublished\":\"2025-04-03T16:24:00+00:00\",\"dateModified\":\"2026-02-18T15:46:56+00:00\",\"breadcrumb\":{\"@id\":\"https:\\\/\\\/www.sarajokela.fi\\\/?page_id=367#breadcrumb\"},\"inLanguage\":\"fi\",\"potentialAction\":[{\"@type\":\"ReadAction\",\"target\":[\"https:\\\/\\\/www.sarajokela.fi\\\/?page_id=367\"]}]},{\"@type\":\"BreadcrumbList\",\"@id\":\"https:\\\/\\\/www.sarajokela.fi\\\/?page_id=367#breadcrumb\",\"itemListElement\":[{\"@type\":\"ListItem\",\"position\":1,\"name\":\"Etusivu\",\"item\":\"https:\\\/\\\/www.sarajokela.fi\\\/\"},{\"@type\":\"ListItem\",\"position\":2,\"name\":\"Sargos\"}]},{\"@type\":\"WebSite\",\"@id\":\"https:\\\/\\\/www.sarajokela.fi\\\/#website\",\"url\":\"https:\\\/\\\/www.sarajokela.fi\\\/\",\"name\":\"Sara Jokela\",\"description\":\"Suunnittelen ja toteutan verkkosivuja sek&auml; graafisen suunnittelun palveluita, kuten br&auml;ndi-ilmeit&auml; ja logoja.\",\"potentialAction\":[{\"@type\":\"SearchAction\",\"target\":{\"@type\":\"EntryPoint\",\"urlTemplate\":\"https:\\\/\\\/www.sarajokela.fi\\\/?s={search_term_string}\"},\"query-input\":{\"@type\":\"PropertyValueSpecification\",\"valueRequired\":true,\"valueName\":\"search_term_string\"}}],\"inLanguage\":\"fi\"}]}<\/script>\n<!-- \/ Yoast SEO plugin. -->","yoast_head_json":{"title":"Sargos - Sara Jokela","robots":{"index":"index","follow":"follow","max-snippet":"max-snippet:-1","max-image-preview":"max-image-preview:large","max-video-preview":"max-video-preview:-1"},"canonical":"https:\/\/www.sarajokela.fi\/?page_id=367","og_locale":"fi_FI","og_type":"article","og_title":"Sargos - Sara Jokela","og_description":"Suunnittelin ja toteutin verkkosivut rakennusalan yritykselle. Toiveissa oli selke\u00e4t, simppelit sivut sek\u00e4 tummanvihre\u00e4 ja valkoinen k\u00e4ytett\u00e4viksi v\u00e4reiksi.","og_url":"https:\/\/www.sarajokela.fi\/?page_id=367","og_site_name":"Sara Jokela","article_modified_time":"2026-02-18T15:46:56+00:00","twitter_card":"summary_large_image","twitter_misc":{"Arvioitu lukuaika":"1 minuutti"},"schema":{"@context":"https:\/\/schema.org","@graph":[{"@type":"WebPage","@id":"https:\/\/www.sarajokela.fi\/?page_id=367","url":"https:\/\/www.sarajokela.fi\/?page_id=367","name":"Sargos - Sara Jokela","isPartOf":{"@id":"https:\/\/www.sarajokela.fi\/#website"},"datePublished":"2025-04-03T16:24:00+00:00","dateModified":"2026-02-18T15:46:56+00:00","breadcrumb":{"@id":"https:\/\/www.sarajokela.fi\/?page_id=367#breadcrumb"},"inLanguage":"fi","potentialAction":[{"@type":"ReadAction","target":["https:\/\/www.sarajokela.fi\/?page_id=367"]}]},{"@type":"BreadcrumbList","@id":"https:\/\/www.sarajokela.fi\/?page_id=367#breadcrumb","itemListElement":[{"@type":"ListItem","position":1,"name":"Etusivu","item":"https:\/\/www.sarajokela.fi\/"},{"@type":"ListItem","position":2,"name":"Sargos"}]},{"@type":"WebSite","@id":"https:\/\/www.sarajokela.fi\/#website","url":"https:\/\/www.sarajokela.fi\/","name":"Sara Jokela","description":"Suunnittelen ja toteutan verkkosivuja sek&auml; graafisen suunnittelun palveluita, kuten br&auml;ndi-ilmeit&auml; ja logoja.","potentialAction":[{"@type":"SearchAction","target":{"@type":"EntryPoint","urlTemplate":"https:\/\/www.sarajokela.fi\/?s={search_term_string}"},"query-input":{"@type":"PropertyValueSpecification","valueRequired":true,"valueName":"search_term_string"}}],"inLanguage":"fi"}]}},"_links":{"self":[{"href":"https:\/\/www.sarajokela.fi\/index.php?rest_route=\/wp\/v2\/pages\/367","targetHints":{"allow":["GET"]}}],"collection":[{"href":"https:\/\/www.sarajokela.fi\/index.php?rest_route=\/wp\/v2\/pages"}],"about":[{"href":"https:\/\/www.sarajokela.fi\/index.php?rest_route=\/wp\/v2\/types\/page"}],"author":[{"embeddable":true,"href":"https:\/\/www.sarajokela.fi\/index.php?rest_route=\/wp\/v2\/users\/1"}],"replies":[{"embeddable":true,"href":"https:\/\/www.sarajokela.fi\/index.php?rest_route=%2Fwp%2Fv2%2Fcomments&post=367"}],"version-history":[{"count":10,"href":"https:\/\/www.sarajokela.fi\/index.php?rest_route=\/wp\/v2\/pages\/367\/revisions"}],"predecessor-version":[{"id":3149,"href":"https:\/\/www.sarajokela.fi\/index.php?rest_route=\/wp\/v2\/pages\/367\/revisions\/3149"}],"wp:attachment":[{"href":"https:\/\/www.sarajokela.fi\/index.php?rest_route=%2Fwp%2Fv2%2Fmedia&parent=367"}],"curies":[{"name":"wp","href":"https:\/\/api.w.org\/{rel}","templated":true}]}}